{"id":16027,"date":"2021-06-23T15:58:26","date_gmt":"2021-06-23T15:58:26","guid":{"rendered":"https:\/\/server.idssoft.net\/idsdemo\/producto\/soporte-coche-gravity-c61-negro-xo\/"},"modified":"2021-06-23T15:58:26","modified_gmt":"2021-06-23T15:58:26","slug":"soporte-coche-gravity-c61-negro-xo","status":"publish","type":"product","link":"https:\/\/server.idssoft.net\/idsdemo\/producto\/soporte-coche-gravity-c61-negro-xo\/","title":{"rendered":"SOPORTE COCHE GRAVITY C61 NEGRO XO"},"content":{"rendered":"<p>&#8211; Soporte directo a la salida de aire<br \/>&#8211; Se adapta al tama\u00f1o de su smartphone<br \/>&#8211; Compatible con smartphone de 4.5&#034; hasta 6.5&#034;<br \/>&#8211; Con solo colocar el tel\u00e9fono encima el soporte por gravedad lo bloquea de forma autom\u00e1tica. Para de<\/p>\n","protected":false},"excerpt":{"rendered":"<p>&#8211; Soporte directo a la salida de aire&#8211; Se adapta al tama\u00f1o de su smartphone&#8211; Compatible con smartphone de 4.5&#034; hasta 6.5&#034;&#8211; Con solo colocar el tel\u00e9fono encima el soporte por gravedad lo bloquea de forma autom\u00e1tica. Para de<\/p>\n","protected":false},"featured_media":16025,"comment_status":"open","ping_status":"closed","template":"","meta":[],"product_cat":[642],"product_tag":[],"class_list":["post-16027","product","type-product","status-publish","has-post-thumbnail","hentry","product_cat-accesorios-smartphone-coche","thunk-woo-product-list","opn-qv-enable","top-store-woo-hover-","top-store-single-product-tab-horizontal","top-store-shadow-","top-store-shadow-hover-"],"_links":{"self":[{"href":"https:\/\/server.idssoft.net\/idsdemo\/wp-json\/wp\/v2\/product\/16027","targetHints":{"allow":["GET"]}}],"collection":[{"href":"https:\/\/server.idssoft.net\/idsdemo\/wp-json\/wp\/v2\/product"}],"about":[{"href":"https:\/\/server.idssoft.net\/idsdemo\/wp-json\/wp\/v2\/types\/product"}],"replies":[{"embeddable":true,"href":"https:\/\/server.idssoft.net\/idsdemo\/wp-json\/wp\/v2\/comments?post=16027"}],"wp:featuredmedia":[{"embeddable":true,"href":"https:\/\/server.idssoft.net\/idsdemo\/wp-json\/wp\/v2\/media\/16025"}],"wp:attachment":[{"href":"https:\/\/server.idssoft.net\/idsdemo\/wp-json\/wp\/v2\/media?parent=16027"}],"wp:term":[{"taxonomy":"product_cat","embeddable":true,"href":"https:\/\/server.idssoft.net\/idsdemo\/wp-json\/wp\/v2\/product_cat?post=16027"},{"taxonomy":"product_tag","embeddable":true,"href":"https:\/\/server.idssoft.net\/idsdemo\/wp-json\/wp\/v2\/product_tag?post=16027"}],"curies":[{"name":"wp","href":"https:\/\/api.w.org\/{rel}","templated":true}]}}