{"id":16033,"date":"2021-06-23T15:58:37","date_gmt":"2021-06-23T15:58:37","guid":{"rendered":"https:\/\/server.idssoft.net\/idsdemo\/producto\/soporte-coche-magnetico-c62-3-en-1-xo-negro\/"},"modified":"2021-06-23T15:58:37","modified_gmt":"2021-06-23T15:58:37","slug":"soporte-coche-magnetico-c62-3-en-1-xo-negro","status":"publish","type":"product","link":"https:\/\/server.idssoft.net\/idsdemo\/producto\/soporte-coche-magnetico-c62-3-en-1-xo-negro\/","title":{"rendered":"SOPORTE COCHE MAGNETICO C62 3 EN 1 XO NEGRO"},"content":{"rendered":"<p>&#8211; Multifunci\u00f3n 3 en 1: soporte magn\u00e9tico + cutter + martillo de seguridad<br \/>&#8211; Compatible con la gran mayoria de smartphones<br \/>&#8211; Fijaci\u00f3n fuerte y segura<br \/>&#8211; Permite rotaci\u00f3n hasta 360\u00ba y ajuste angular. <br \/>&#8211; Dimensiones: 84x42x71mm&lt;br<\/p>\n","protected":false},"excerpt":{"rendered":"<p>&#8211; Multifunci\u00f3n 3 en 1: soporte magn\u00e9tico + cutter + martillo de seguridad&#8211; Compatible con la gran mayoria de smartphones&#8211; Fijaci\u00f3n fuerte y segura&#8211; Permite rotaci\u00f3n hasta 360\u00ba y ajuste angular. &#8211; Dimensiones: 84x42x71mm&lt;br<\/p>\n","protected":false},"featured_media":16031,"comment_status":"open","ping_status":"closed","template":"","meta":[],"product_cat":[642],"product_tag":[],"class_list":["post-16033","product","type-product","status-publish","has-post-thumbnail","hentry","product_cat-accesorios-smartphone-coche","thunk-woo-product-list","opn-qv-enable","top-store-woo-hover-","top-store-single-product-tab-horizontal","top-store-shadow-","top-store-shadow-hover-"],"_links":{"self":[{"href":"https:\/\/server.idssoft.net\/idsdemo\/wp-json\/wp\/v2\/product\/16033","targetHints":{"allow":["GET"]}}],"collection":[{"href":"https:\/\/server.idssoft.net\/idsdemo\/wp-json\/wp\/v2\/product"}],"about":[{"href":"https:\/\/server.idssoft.net\/idsdemo\/wp-json\/wp\/v2\/types\/product"}],"replies":[{"embeddable":true,"href":"https:\/\/server.idssoft.net\/idsdemo\/wp-json\/wp\/v2\/comments?post=16033"}],"wp:featuredmedia":[{"embeddable":true,"href":"https:\/\/server.idssoft.net\/idsdemo\/wp-json\/wp\/v2\/media\/16031"}],"wp:attachment":[{"href":"https:\/\/server.idssoft.net\/idsdemo\/wp-json\/wp\/v2\/media?parent=16033"}],"wp:term":[{"taxonomy":"product_cat","embeddable":true,"href":"https:\/\/server.idssoft.net\/idsdemo\/wp-json\/wp\/v2\/product_cat?post=16033"},{"taxonomy":"product_tag","embeddable":true,"href":"https:\/\/server.idssoft.net\/idsdemo\/wp-json\/wp\/v2\/product_tag?post=16033"}],"curies":[{"name":"wp","href":"https:\/\/api.w.org\/{rel}","templated":true}]}}