{"id":16036,"date":"2021-06-23T15:58:44","date_gmt":"2021-06-23T15:58:44","guid":{"rendered":"https:\/\/server.idssoft.net\/idsdemo\/producto\/kit-youtuber-l06-tripode-soporte-smartphone-luz-12-xo\/"},"modified":"2021-06-23T15:58:44","modified_gmt":"2021-06-23T15:58:44","slug":"kit-youtuber-l06-tripode-soporte-smartphone-luz-12-xo","status":"publish","type":"product","link":"https:\/\/server.idssoft.net\/idsdemo\/producto\/kit-youtuber-l06-tripode-soporte-smartphone-luz-12-xo\/","title":{"rendered":"KIT YOUTUBER L06 TRIPODE + SOPORTE SMARTPHONE + LUZ 12 XO"},"content":{"rendered":"<p>&#8211; Altura: hasta 170cm<br \/>&#8211; Soporte para smartphone apertura hasta 10cm<br \/>&#8211; L\u00e1mpara led de 12&#034; (30cm di\u00e1metro) con mando para regulaci\u00f3n de luz<br \/>&#8211; Control remoto disparador<br \/>&#8211; Temperatura de color regulable 3200K &#8211; 5500K<br \/>&#8211; Tr\u00ed<\/p>\n","protected":false},"excerpt":{"rendered":"<p>&#8211; Altura: hasta 170cm&#8211; Soporte para smartphone apertura hasta 10cm&#8211; L\u00e1mpara led de 12&#034; (30cm di\u00e1metro) con mando para regulaci\u00f3n de luz&#8211; Control remoto disparador&#8211; Temperatura de color regulable 3200K &#8211; 5500K&#8211; Tr\u00ed<\/p>\n","protected":false},"featured_media":16034,"comment_status":"open","ping_status":"closed","template":"","meta":[],"product_cat":[646],"product_tag":[],"class_list":["post-16036","product","type-product","status-publish","has-post-thumbnail","hentry","product_cat-zona-youtubers","thunk-woo-product-list","opn-qv-enable","top-store-woo-hover-","top-store-single-product-tab-horizontal","top-store-shadow-","top-store-shadow-hover-"],"_links":{"self":[{"href":"https:\/\/server.idssoft.net\/idsdemo\/wp-json\/wp\/v2\/product\/16036","targetHints":{"allow":["GET"]}}],"collection":[{"href":"https:\/\/server.idssoft.net\/idsdemo\/wp-json\/wp\/v2\/product"}],"about":[{"href":"https:\/\/server.idssoft.net\/idsdemo\/wp-json\/wp\/v2\/types\/product"}],"replies":[{"embeddable":true,"href":"https:\/\/server.idssoft.net\/idsdemo\/wp-json\/wp\/v2\/comments?post=16036"}],"wp:featuredmedia":[{"embeddable":true,"href":"https:\/\/server.idssoft.net\/idsdemo\/wp-json\/wp\/v2\/media\/16034"}],"wp:attachment":[{"href":"https:\/\/server.idssoft.net\/idsdemo\/wp-json\/wp\/v2\/media?parent=16036"}],"wp:term":[{"taxonomy":"product_cat","embeddable":true,"href":"https:\/\/server.idssoft.net\/idsdemo\/wp-json\/wp\/v2\/product_cat?post=16036"},{"taxonomy":"product_tag","embeddable":true,"href":"https:\/\/server.idssoft.net\/idsdemo\/wp-json\/wp\/v2\/product_tag?post=16036"}],"curies":[{"name":"wp","href":"https:\/\/api.w.org\/{rel}","templated":true}]}}