{"id":16062,"date":"2021-06-23T15:59:50","date_gmt":"2021-06-23T15:59:50","guid":{"rendered":"https:\/\/server.idssoft.net\/idsdemo\/producto\/kit-youtuber-bgd002-tripode-soporte-smartphone-luz-8-xo\/"},"modified":"2021-06-23T15:59:50","modified_gmt":"2021-06-23T15:59:50","slug":"kit-youtuber-bgd002-tripode-soporte-smartphone-luz-8-xo","status":"publish","type":"product","link":"https:\/\/server.idssoft.net\/idsdemo\/producto\/kit-youtuber-bgd002-tripode-soporte-smartphone-luz-8-xo\/","title":{"rendered":"KIT YOUTUBER BGD002 TRIPODE + SOPORTE SMARTPHONE + LUZ 8 XO"},"content":{"rendered":"<p>&#8211; Altura: hasta 27.5cm<br \/>&#8211; Soporte para smartphone apertura hasta 10cm<br \/>&#8211; L\u00e1mpara led de 8&#034; (20cm di\u00e1metro) con mando para regulaci\u00f3n de luz<br \/>&#8211; Control remoto disparador<br \/>&#8211; Temperatura de color regulable 3000K &#8211; 7000K<br \/>&#8211; Tr\u00ed<\/p>\n","protected":false},"excerpt":{"rendered":"<p>&#8211; Altura: hasta 27.5cm&#8211; Soporte para smartphone apertura hasta 10cm&#8211; L\u00e1mpara led de 8&#034; (20cm di\u00e1metro) con mando para regulaci\u00f3n de luz&#8211; Control remoto disparador&#8211; Temperatura de color regulable 3000K &#8211; 7000K&#8211; Tr\u00ed<\/p>\n","protected":false},"featured_media":16061,"comment_status":"open","ping_status":"closed","template":"","meta":[],"product_cat":[646],"product_tag":[],"class_list":["post-16062","product","type-product","status-publish","has-post-thumbnail","hentry","product_cat-zona-youtubers","thunk-woo-product-list","opn-qv-enable","top-store-woo-hover-","top-store-single-product-tab-horizontal","top-store-shadow-","top-store-shadow-hover-"],"_links":{"self":[{"href":"https:\/\/server.idssoft.net\/idsdemo\/wp-json\/wp\/v2\/product\/16062","targetHints":{"allow":["GET"]}}],"collection":[{"href":"https:\/\/server.idssoft.net\/idsdemo\/wp-json\/wp\/v2\/product"}],"about":[{"href":"https:\/\/server.idssoft.net\/idsdemo\/wp-json\/wp\/v2\/types\/product"}],"replies":[{"embeddable":true,"href":"https:\/\/server.idssoft.net\/idsdemo\/wp-json\/wp\/v2\/comments?post=16062"}],"wp:featuredmedia":[{"embeddable":true,"href":"https:\/\/server.idssoft.net\/idsdemo\/wp-json\/wp\/v2\/media\/16061"}],"wp:attachment":[{"href":"https:\/\/server.idssoft.net\/idsdemo\/wp-json\/wp\/v2\/media?parent=16062"}],"wp:term":[{"taxonomy":"product_cat","embeddable":true,"href":"https:\/\/server.idssoft.net\/idsdemo\/wp-json\/wp\/v2\/product_cat?post=16062"},{"taxonomy":"product_tag","embeddable":true,"href":"https:\/\/server.idssoft.net\/idsdemo\/wp-json\/wp\/v2\/product_tag?post=16062"}],"curies":[{"name":"wp","href":"https:\/\/api.w.org\/{rel}","templated":true}]}}