{"id":16071,"date":"2021-06-23T16:00:08","date_gmt":"2021-06-23T16:00:08","guid":{"rendered":"https:\/\/server.idssoft.net\/idsdemo\/producto\/powerbank-pb96-30000mah-4-x-usb-2a-display-negra-xo\/"},"modified":"2021-06-23T16:00:08","modified_gmt":"2021-06-23T16:00:08","slug":"powerbank-pb96-30000mah-4-x-usb-2a-display-negra-xo","status":"publish","type":"product","link":"https:\/\/server.idssoft.net\/idsdemo\/producto\/powerbank-pb96-30000mah-4-x-usb-2a-display-negra-xo\/","title":{"rendered":"POWERBANK PB96 30000MAH | 4 X USB | 2A | DISPLAY NEGRA XO"},"content":{"rendered":"<p>&#8211; F\u00e1cil de transportar<br \/>&#8211; Carga r\u00e1pida<br \/>&#8211; Resistente<br \/>&#8211; Estabilidad y protecci\u00f3n<br \/>&#8211; Compatible con infinidad de dispositivos<br \/>&#8211; Capacidad de 30000 mAh<br \/>&#8211; Pantalla LCD indicadora de carga<br \/>&#8211; Salidas: 4xUSB 5V-2A<br \/>&#8211; En<\/p>\n","protected":false},"excerpt":{"rendered":"<p>&#8211; F\u00e1cil de transportar&#8211; Carga r\u00e1pida&#8211; Resistente&#8211; Estabilidad y protecci\u00f3n&#8211; Compatible con infinidad de dispositivos&#8211; Capacidad de 30000 mAh&#8211; Pantalla LCD indicadora de carga&#8211; Salidas: 4xUSB 5V-2A&#8211; En<\/p>\n","protected":false},"featured_media":16069,"comment_status":"open","ping_status":"closed","template":"","meta":[],"product_cat":[493],"product_tag":[],"class_list":["post-16071","product","type-product","status-publish","has-post-thumbnail","hentry","product_cat-powerbank","thunk-woo-product-list","opn-qv-enable","top-store-woo-hover-","top-store-single-product-tab-horizontal","top-store-shadow-","top-store-shadow-hover-"],"_links":{"self":[{"href":"https:\/\/server.idssoft.net\/idsdemo\/wp-json\/wp\/v2\/product\/16071","targetHints":{"allow":["GET"]}}],"collection":[{"href":"https:\/\/server.idssoft.net\/idsdemo\/wp-json\/wp\/v2\/product"}],"about":[{"href":"https:\/\/server.idssoft.net\/idsdemo\/wp-json\/wp\/v2\/types\/product"}],"replies":[{"embeddable":true,"href":"https:\/\/server.idssoft.net\/idsdemo\/wp-json\/wp\/v2\/comments?post=16071"}],"wp:featuredmedia":[{"embeddable":true,"href":"https:\/\/server.idssoft.net\/idsdemo\/wp-json\/wp\/v2\/media\/16069"}],"wp:attachment":[{"href":"https:\/\/server.idssoft.net\/idsdemo\/wp-json\/wp\/v2\/media?parent=16071"}],"wp:term":[{"taxonomy":"product_cat","embeddable":true,"href":"https:\/\/server.idssoft.net\/idsdemo\/wp-json\/wp\/v2\/product_cat?post=16071"},{"taxonomy":"product_tag","embeddable":true,"href":"https:\/\/server.idssoft.net\/idsdemo\/wp-json\/wp\/v2\/product_tag?post=16071"}],"curies":[{"name":"wp","href":"https:\/\/api.w.org\/{rel}","templated":true}]}}