{"id":16139,"date":"2021-06-23T16:02:19","date_gmt":"2021-06-23T16:02:19","guid":{"rendered":"https:\/\/server.idssoft.net\/idsdemo\/producto\/pack-expositor-24-geles-50ml-hidroalcoholicos-jojoba-gli\/"},"modified":"2021-06-23T16:02:19","modified_gmt":"2021-06-23T16:02:19","slug":"pack-expositor-24-geles-50ml-hidroalcoholicos-jojoba-gli","status":"publish","type":"product","link":"https:\/\/server.idssoft.net\/idsdemo\/producto\/pack-expositor-24-geles-50ml-hidroalcoholicos-jojoba-gli\/","title":{"rendered":"PACK EXPOSITOR + 24 GELES 50ML HIDROALCOH\u00d3LICOS JOJOBA + GLI"},"content":{"rendered":"<p>&#8211; Gel hidroalcoh\u00f3lico para limpieza de manos sin<br \/>aclarado formulado con Jojoba que aumenta la<br \/>hidrataci\u00f3n, recupera la barrera protectora de la piel y<br \/>reduce el enrojecimiento dejando una sensaci\u00f3n de<br \/>suavidad en las manos. Con<\/p>\n","protected":false},"excerpt":{"rendered":"<p>&#8211; Gel hidroalcoh\u00f3lico para limpieza de manos sinaclarado formulado con Jojoba que aumenta lahidrataci\u00f3n, recupera la barrera protectora de la piel yreduce el enrojecimiento dejando una sensaci\u00f3n desuavidad en las manos. Con<\/p>\n","protected":false},"featured_media":16137,"comment_status":"open","ping_status":"closed","template":"","meta":[],"product_cat":[651],"product_tag":[],"class_list":["post-16139","product","type-product","status-publish","has-post-thumbnail","hentry","product_cat-geles-sprays","thunk-woo-product-list","opn-qv-enable","top-store-woo-hover-","top-store-single-product-tab-horizontal","top-store-shadow-","top-store-shadow-hover-"],"_links":{"self":[{"href":"https:\/\/server.idssoft.net\/idsdemo\/wp-json\/wp\/v2\/product\/16139","targetHints":{"allow":["GET"]}}],"collection":[{"href":"https:\/\/server.idssoft.net\/idsdemo\/wp-json\/wp\/v2\/product"}],"about":[{"href":"https:\/\/server.idssoft.net\/idsdemo\/wp-json\/wp\/v2\/types\/product"}],"replies":[{"embeddable":true,"href":"https:\/\/server.idssoft.net\/idsdemo\/wp-json\/wp\/v2\/comments?post=16139"}],"wp:featuredmedia":[{"embeddable":true,"href":"https:\/\/server.idssoft.net\/idsdemo\/wp-json\/wp\/v2\/media\/16137"}],"wp:attachment":[{"href":"https:\/\/server.idssoft.net\/idsdemo\/wp-json\/wp\/v2\/media?parent=16139"}],"wp:term":[{"taxonomy":"product_cat","embeddable":true,"href":"https:\/\/server.idssoft.net\/idsdemo\/wp-json\/wp\/v2\/product_cat?post=16139"},{"taxonomy":"product_tag","embeddable":true,"href":"https:\/\/server.idssoft.net\/idsdemo\/wp-json\/wp\/v2\/product_tag?post=16139"}],"curies":[{"name":"wp","href":"https:\/\/api.w.org\/{rel}","templated":true}]}}