{"id":16146,"date":"2021-06-23T16:02:34","date_gmt":"2021-06-23T16:02:34","guid":{"rendered":"https:\/\/server.idssoft.net\/idsdemo\/producto\/telefono-inalambrico-alcatel-f685-negro-bloqueo-de-llamadas\/"},"modified":"2021-06-23T16:02:34","modified_gmt":"2021-06-23T16:02:34","slug":"telefono-inalambrico-alcatel-f685-negro-bloqueo-de-llamadas","status":"publish","type":"product","link":"https:\/\/server.idssoft.net\/idsdemo\/producto\/telefono-inalambrico-alcatel-f685-negro-bloqueo-de-llamadas\/","title":{"rendered":"TELEFONO INALAMBRICO ALCATEL F685 NEGRO BLOQUEO DE LLAMADAS"},"content":{"rendered":"<p>\u2022Bloquee las llamadas no deseadas* de forma autom\u00e1tica o manual gracias a una tecla exclusiva: \u00a1 hasta 100 n\u00fameros !<br \/>\u2022Alcatel F685, es un tel\u00e9fono inal\u00e1mbrico perfecto para los usuarios m\u00e1s exigentes.<br \/>\u2022Para no volver a ser import<\/p>\n","protected":false},"excerpt":{"rendered":"<p>\u2022Bloquee las llamadas no deseadas* de forma autom\u00e1tica o manual gracias a una tecla exclusiva: \u00a1 hasta 100 n\u00fameros !\u2022Alcatel F685, es un tel\u00e9fono inal\u00e1mbrico perfecto para los usuarios m\u00e1s exigentes.\u2022Para no volver a ser import<\/p>\n","protected":false},"featured_media":16145,"comment_status":"open","ping_status":"closed","template":"","meta":[],"product_cat":[488],"product_tag":[],"class_list":["post-16146","product","type-product","status-publish","has-post-thumbnail","hentry","product_cat-telefonia-fija-inalmbrica","thunk-woo-product-list","opn-qv-enable","top-store-woo-hover-","top-store-single-product-tab-horizontal","top-store-shadow-","top-store-shadow-hover-"],"_links":{"self":[{"href":"https:\/\/server.idssoft.net\/idsdemo\/wp-json\/wp\/v2\/product\/16146","targetHints":{"allow":["GET"]}}],"collection":[{"href":"https:\/\/server.idssoft.net\/idsdemo\/wp-json\/wp\/v2\/product"}],"about":[{"href":"https:\/\/server.idssoft.net\/idsdemo\/wp-json\/wp\/v2\/types\/product"}],"replies":[{"embeddable":true,"href":"https:\/\/server.idssoft.net\/idsdemo\/wp-json\/wp\/v2\/comments?post=16146"}],"wp:featuredmedia":[{"embeddable":true,"href":"https:\/\/server.idssoft.net\/idsdemo\/wp-json\/wp\/v2\/media\/16145"}],"wp:attachment":[{"href":"https:\/\/server.idssoft.net\/idsdemo\/wp-json\/wp\/v2\/media?parent=16146"}],"wp:term":[{"taxonomy":"product_cat","embeddable":true,"href":"https:\/\/server.idssoft.net\/idsdemo\/wp-json\/wp\/v2\/product_cat?post=16146"},{"taxonomy":"product_tag","embeddable":true,"href":"https:\/\/server.idssoft.net\/idsdemo\/wp-json\/wp\/v2\/product_tag?post=16146"}],"curies":[{"name":"wp","href":"https:\/\/api.w.org\/{rel}","templated":true}]}}