{"id":16203,"date":"2021-06-23T16:04:33","date_gmt":"2021-06-23T16:04:33","guid":{"rendered":"https:\/\/server.idssoft.net\/idsdemo\/producto\/cesta-cuadrada-16-8-litros-38x38x24cm-con-asas-azul-celeste\/"},"modified":"2021-06-23T16:04:33","modified_gmt":"2021-06-23T16:04:33","slug":"cesta-cuadrada-16-8-litros-38x38x24cm-con-asas-azul-celeste","status":"publish","type":"product","link":"https:\/\/server.idssoft.net\/idsdemo\/producto\/cesta-cuadrada-16-8-litros-38x38x24cm-con-asas-azul-celeste\/","title":{"rendered":"CESTA CUADRADA 16.8 LITROS 38X38X24CM CON ASAS AZUL CELESTE"},"content":{"rendered":"<p>&#8211; Pr\u00e1ctica cesta de forma cuadrada, la cesta Loop armoniza en cualquier ambiente, convirti\u00e9ndose en un pr\u00e1ctico aliado en todas las circunstancias.<br \/>&#8211; Dimensiones: 38x38x24cm<br \/>&#8211; Capacidad: 16.8 litros<\/p>\n","protected":false},"excerpt":{"rendered":"<p>&#8211; Pr\u00e1ctica cesta de forma cuadrada, la cesta Loop armoniza en cualquier ambiente, convirti\u00e9ndose en un pr\u00e1ctico aliado en todas las circunstancias.&#8211; Dimensiones: 38x38x24cm&#8211; Capacidad: 16.8 litros<\/p>\n","protected":false},"featured_media":16202,"comment_status":"open","ping_status":"closed","template":"","meta":[],"product_cat":[582],"product_tag":[],"class_list":["post-16203","product","type-product","status-publish","has-post-thumbnail","hentry","product_cat-cestas","thunk-woo-product-list","opn-qv-enable","top-store-woo-hover-","top-store-single-product-tab-horizontal","top-store-shadow-","top-store-shadow-hover-"],"_links":{"self":[{"href":"https:\/\/server.idssoft.net\/idsdemo\/wp-json\/wp\/v2\/product\/16203","targetHints":{"allow":["GET"]}}],"collection":[{"href":"https:\/\/server.idssoft.net\/idsdemo\/wp-json\/wp\/v2\/product"}],"about":[{"href":"https:\/\/server.idssoft.net\/idsdemo\/wp-json\/wp\/v2\/types\/product"}],"replies":[{"embeddable":true,"href":"https:\/\/server.idssoft.net\/idsdemo\/wp-json\/wp\/v2\/comments?post=16203"}],"wp:featuredmedia":[{"embeddable":true,"href":"https:\/\/server.idssoft.net\/idsdemo\/wp-json\/wp\/v2\/media\/16202"}],"wp:attachment":[{"href":"https:\/\/server.idssoft.net\/idsdemo\/wp-json\/wp\/v2\/media?parent=16203"}],"wp:term":[{"taxonomy":"product_cat","embeddable":true,"href":"https:\/\/server.idssoft.net\/idsdemo\/wp-json\/wp\/v2\/product_cat?post=16203"},{"taxonomy":"product_tag","embeddable":true,"href":"https:\/\/server.idssoft.net\/idsdemo\/wp-json\/wp\/v2\/product_tag?post=16203"}],"curies":[{"name":"wp","href":"https:\/\/api.w.org\/{rel}","templated":true}]}}