{"id":16237,"date":"2021-06-23T16:05:51","date_gmt":"2021-06-23T16:05:51","guid":{"rendered":"https:\/\/server.idssoft.net\/idsdemo\/producto\/cubo-con-pedal-21x21x28cm-6-litros-blanco-blim\/"},"modified":"2021-06-23T16:05:51","modified_gmt":"2021-06-23T16:05:51","slug":"cubo-con-pedal-21x21x28cm-6-litros-blanco-blim","status":"publish","type":"product","link":"https:\/\/server.idssoft.net\/idsdemo\/producto\/cubo-con-pedal-21x21x28cm-6-litros-blanco-blim\/","title":{"rendered":"CUBO CON PEDAL 21X21X28CM 6 LITROS BLANCO BLIM"},"content":{"rendered":"<p>&#8211; Espacioso y c\u00f3modo de usar, el cubo con pedal, gracias al acabado Loop, se integra armoniosamente en el ambiente m\u00e1s \u00edntimo de la casa. La apertura del pedal y el cubo interno extra\u00edble lo hacen especialmente pr\u00e1ctico.<br \/>&#8211; Dimensiones: 21&#215;21<\/p>\n","protected":false},"excerpt":{"rendered":"<p>&#8211; Espacioso y c\u00f3modo de usar, el cubo con pedal, gracias al acabado Loop, se integra armoniosamente en el ambiente m\u00e1s \u00edntimo de la casa. La apertura del pedal y el cubo interno extra\u00edble lo hacen especialmente pr\u00e1ctico.&#8211; Dimensiones: 21&#215;21<\/p>\n","protected":false},"featured_media":16236,"comment_status":"open","ping_status":"closed","template":"","meta":[],"product_cat":[582],"product_tag":[],"class_list":["post-16237","product","type-product","status-publish","has-post-thumbnail","hentry","product_cat-cestas","thunk-woo-product-list","opn-qv-enable","top-store-woo-hover-","top-store-single-product-tab-horizontal","top-store-shadow-","top-store-shadow-hover-"],"_links":{"self":[{"href":"https:\/\/server.idssoft.net\/idsdemo\/wp-json\/wp\/v2\/product\/16237","targetHints":{"allow":["GET"]}}],"collection":[{"href":"https:\/\/server.idssoft.net\/idsdemo\/wp-json\/wp\/v2\/product"}],"about":[{"href":"https:\/\/server.idssoft.net\/idsdemo\/wp-json\/wp\/v2\/types\/product"}],"replies":[{"embeddable":true,"href":"https:\/\/server.idssoft.net\/idsdemo\/wp-json\/wp\/v2\/comments?post=16237"}],"wp:featuredmedia":[{"embeddable":true,"href":"https:\/\/server.idssoft.net\/idsdemo\/wp-json\/wp\/v2\/media\/16236"}],"wp:attachment":[{"href":"https:\/\/server.idssoft.net\/idsdemo\/wp-json\/wp\/v2\/media?parent=16237"}],"wp:term":[{"taxonomy":"product_cat","embeddable":true,"href":"https:\/\/server.idssoft.net\/idsdemo\/wp-json\/wp\/v2\/product_cat?post=16237"},{"taxonomy":"product_tag","embeddable":true,"href":"https:\/\/server.idssoft.net\/idsdemo\/wp-json\/wp\/v2\/product_tag?post=16237"}],"curies":[{"name":"wp","href":"https:\/\/api.w.org\/{rel}","templated":true}]}}