{"id":16241,"date":"2021-06-23T16:06:01","date_gmt":"2021-06-23T16:06:01","guid":{"rendered":"https:\/\/server.idssoft.net\/idsdemo\/producto\/cubo-con-pedal-27x32x34cm-16-litros-blanco-blim\/"},"modified":"2021-06-23T16:06:01","modified_gmt":"2021-06-23T16:06:01","slug":"cubo-con-pedal-27x32x34cm-16-litros-blanco-blim","status":"publish","type":"product","link":"https:\/\/server.idssoft.net\/idsdemo\/producto\/cubo-con-pedal-27x32x34cm-16-litros-blanco-blim\/","title":{"rendered":"CUBO CON PEDAL 27X32X34CM 16 LITROS BLANCO BLIM"},"content":{"rendered":"<p>&#8211; Espacioso y c\u00f3modo de usar, el cubo con pedal, gracias al acabado Loop, se integra armoniosamente en el ambiente m\u00e1s \u00edntimo de la casa. La apertura del pedal y el cubo interno extra\u00edble lo hacen especialmente pr\u00e1ctico.<br \/>&#8211; Dimensiones: 27&#215;32<\/p>\n","protected":false},"excerpt":{"rendered":"<p>&#8211; Espacioso y c\u00f3modo de usar, el cubo con pedal, gracias al acabado Loop, se integra armoniosamente en el ambiente m\u00e1s \u00edntimo de la casa. La apertura del pedal y el cubo interno extra\u00edble lo hacen especialmente pr\u00e1ctico.&#8211; Dimensiones: 27&#215;32<\/p>\n","protected":false},"featured_media":16240,"comment_status":"open","ping_status":"closed","template":"","meta":[],"product_cat":[582],"product_tag":[],"class_list":["post-16241","product","type-product","status-publish","has-post-thumbnail","hentry","product_cat-cestas","thunk-woo-product-list","opn-qv-enable","top-store-woo-hover-","top-store-single-product-tab-horizontal","top-store-shadow-","top-store-shadow-hover-"],"_links":{"self":[{"href":"https:\/\/server.idssoft.net\/idsdemo\/wp-json\/wp\/v2\/product\/16241","targetHints":{"allow":["GET"]}}],"collection":[{"href":"https:\/\/server.idssoft.net\/idsdemo\/wp-json\/wp\/v2\/product"}],"about":[{"href":"https:\/\/server.idssoft.net\/idsdemo\/wp-json\/wp\/v2\/types\/product"}],"replies":[{"embeddable":true,"href":"https:\/\/server.idssoft.net\/idsdemo\/wp-json\/wp\/v2\/comments?post=16241"}],"wp:featuredmedia":[{"embeddable":true,"href":"https:\/\/server.idssoft.net\/idsdemo\/wp-json\/wp\/v2\/media\/16240"}],"wp:attachment":[{"href":"https:\/\/server.idssoft.net\/idsdemo\/wp-json\/wp\/v2\/media?parent=16241"}],"wp:term":[{"taxonomy":"product_cat","embeddable":true,"href":"https:\/\/server.idssoft.net\/idsdemo\/wp-json\/wp\/v2\/product_cat?post=16241"},{"taxonomy":"product_tag","embeddable":true,"href":"https:\/\/server.idssoft.net\/idsdemo\/wp-json\/wp\/v2\/product_tag?post=16241"}],"curies":[{"name":"wp","href":"https:\/\/api.w.org\/{rel}","templated":true}]}}