{"id":16245,"date":"2021-06-23T16:06:10","date_gmt":"2021-06-23T16:06:10","guid":{"rendered":"https:\/\/server.idssoft.net\/idsdemo\/producto\/paraguero-pluvio-24x26x55cm-blanco-blim\/"},"modified":"2021-06-23T16:06:10","modified_gmt":"2021-06-23T16:06:10","slug":"paraguero-pluvio-24x26x55cm-blanco-blim","status":"publish","type":"product","link":"https:\/\/server.idssoft.net\/idsdemo\/producto\/paraguero-pluvio-24x26x55cm-blanco-blim\/","title":{"rendered":"PARAG\u00dcERO PLUVIO 24X26X55CM BLANCO BLIM"},"content":{"rendered":"<p>&#8211; Parag\u00fcero pr\u00e1ctico y elegante, con formas y colores que embellecen y realzan cualquier ambiente, creando atm\u00f3sferas \u00fanicas, ideales para quienes hacen del refinamiento un factor distintivo.<br \/>&#8211; Dimensiones: 24x26x55cm<\/p>\n","protected":false},"excerpt":{"rendered":"<p>&#8211; Parag\u00fcero pr\u00e1ctico y elegante, con formas y colores que embellecen y realzan cualquier ambiente, creando atm\u00f3sferas \u00fanicas, ideales para quienes hacen del refinamiento un factor distintivo.&#8211; Dimensiones: 24x26x55cm<\/p>\n","protected":false},"featured_media":16244,"comment_status":"open","ping_status":"closed","template":"","meta":[],"product_cat":[582],"product_tag":[],"class_list":["post-16245","product","type-product","status-publish","has-post-thumbnail","hentry","product_cat-cestas","thunk-woo-product-list","opn-qv-enable","top-store-woo-hover-","top-store-single-product-tab-horizontal","top-store-shadow-","top-store-shadow-hover-"],"_links":{"self":[{"href":"https:\/\/server.idssoft.net\/idsdemo\/wp-json\/wp\/v2\/product\/16245","targetHints":{"allow":["GET"]}}],"collection":[{"href":"https:\/\/server.idssoft.net\/idsdemo\/wp-json\/wp\/v2\/product"}],"about":[{"href":"https:\/\/server.idssoft.net\/idsdemo\/wp-json\/wp\/v2\/types\/product"}],"replies":[{"embeddable":true,"href":"https:\/\/server.idssoft.net\/idsdemo\/wp-json\/wp\/v2\/comments?post=16245"}],"wp:featuredmedia":[{"embeddable":true,"href":"https:\/\/server.idssoft.net\/idsdemo\/wp-json\/wp\/v2\/media\/16244"}],"wp:attachment":[{"href":"https:\/\/server.idssoft.net\/idsdemo\/wp-json\/wp\/v2\/media?parent=16245"}],"wp:term":[{"taxonomy":"product_cat","embeddable":true,"href":"https:\/\/server.idssoft.net\/idsdemo\/wp-json\/wp\/v2\/product_cat?post=16245"},{"taxonomy":"product_tag","embeddable":true,"href":"https:\/\/server.idssoft.net\/idsdemo\/wp-json\/wp\/v2\/product_tag?post=16245"}],"curies":[{"name":"wp","href":"https:\/\/api.w.org\/{rel}","templated":true}]}}