{"id":16249,"date":"2021-06-23T16:06:21","date_gmt":"2021-06-23T16:06:21","guid":{"rendered":"https:\/\/server.idssoft.net\/idsdemo\/producto\/escobillero-11x11x40-5cm-tortora-blim\/"},"modified":"2021-06-23T16:06:21","modified_gmt":"2021-06-23T16:06:21","slug":"escobillero-11x11x40-5cm-tortora-blim","status":"publish","type":"product","link":"https:\/\/server.idssoft.net\/idsdemo\/producto\/escobillero-11x11x40-5cm-tortora-blim\/","title":{"rendered":"ESCOBILLERO 11X11X40.5CM TORTORA BLIM"},"content":{"rendered":"<p>&#8211; Para enriquecer el ba\u00f1o con un elemento elegante y moderno, pero tambi\u00e9n discreto. El cepillo de ba\u00f1o tiene una tapa para proteger sus manos. Perfecto para completar la l\u00ednea de ba\u00f1o Loop.<br \/>&#8211; Dimensiones: 11x11x40.5cm<\/p>\n","protected":false},"excerpt":{"rendered":"<p>&#8211; Para enriquecer el ba\u00f1o con un elemento elegante y moderno, pero tambi\u00e9n discreto. El cepillo de ba\u00f1o tiene una tapa para proteger sus manos. Perfecto para completar la l\u00ednea de ba\u00f1o Loop.&#8211; Dimensiones: 11x11x40.5cm<\/p>\n","protected":false},"featured_media":16248,"comment_status":"open","ping_status":"closed","template":"","meta":[],"product_cat":[552],"product_tag":[],"class_list":["post-16249","product","type-product","status-publish","has-post-thumbnail","hentry","product_cat-especial-baos","thunk-woo-product-list","opn-qv-enable","top-store-woo-hover-","top-store-single-product-tab-horizontal","top-store-shadow-","top-store-shadow-hover-"],"_links":{"self":[{"href":"https:\/\/server.idssoft.net\/idsdemo\/wp-json\/wp\/v2\/product\/16249","targetHints":{"allow":["GET"]}}],"collection":[{"href":"https:\/\/server.idssoft.net\/idsdemo\/wp-json\/wp\/v2\/product"}],"about":[{"href":"https:\/\/server.idssoft.net\/idsdemo\/wp-json\/wp\/v2\/types\/product"}],"replies":[{"embeddable":true,"href":"https:\/\/server.idssoft.net\/idsdemo\/wp-json\/wp\/v2\/comments?post=16249"}],"wp:featuredmedia":[{"embeddable":true,"href":"https:\/\/server.idssoft.net\/idsdemo\/wp-json\/wp\/v2\/media\/16248"}],"wp:attachment":[{"href":"https:\/\/server.idssoft.net\/idsdemo\/wp-json\/wp\/v2\/media?parent=16249"}],"wp:term":[{"taxonomy":"product_cat","embeddable":true,"href":"https:\/\/server.idssoft.net\/idsdemo\/wp-json\/wp\/v2\/product_cat?post=16249"},{"taxonomy":"product_tag","embeddable":true,"href":"https:\/\/server.idssoft.net\/idsdemo\/wp-json\/wp\/v2\/product_tag?post=16249"}],"curies":[{"name":"wp","href":"https:\/\/api.w.org\/{rel}","templated":true}]}}