{"id":16259,"date":"2021-06-23T16:06:46","date_gmt":"2021-06-23T16:06:46","guid":{"rendered":"https:\/\/server.idssoft.net\/idsdemo\/producto\/taburete-escalon-26-4x36x13cm-tortora-blim\/"},"modified":"2021-06-23T16:06:46","modified_gmt":"2021-06-23T16:06:46","slug":"taburete-escalon-26-4x36x13cm-tortora-blim","status":"publish","type":"product","link":"https:\/\/server.idssoft.net\/idsdemo\/producto\/taburete-escalon-26-4x36x13cm-tortora-blim\/","title":{"rendered":"TABURETE \/ ESCAL\u00d3N 26.4X36X13CM TORTORA BLIM"},"content":{"rendered":"<p>&#8211; En el ba\u00f1o, en la cocina, en el vestidor\u2026 una valiosa ayuda para llegar f\u00e1cilmente a los estantes m\u00e1s altos. El escal\u00f3n es estable y seguro gracias a las almohadillas de goma antideslizantes en la parte inferior. <br \/>&#8211; Dimensioens: 26.4x36x1<\/p>\n","protected":false},"excerpt":{"rendered":"<p>&#8211; En el ba\u00f1o, en la cocina, en el vestidor\u2026 una valiosa ayuda para llegar f\u00e1cilmente a los estantes m\u00e1s altos. El escal\u00f3n es estable y seguro gracias a las almohadillas de goma antideslizantes en la parte inferior. &#8211; Dimensioens: 26.4x36x1<\/p>\n","protected":false},"featured_media":16258,"comment_status":"open","ping_status":"closed","template":"","meta":[],"product_cat":[543],"product_tag":[],"class_list":["post-16259","product","type-product","status-publish","has-post-thumbnail","hentry","product_cat-taburetes-escaleras","thunk-woo-product-list","opn-qv-enable","top-store-woo-hover-","top-store-single-product-tab-horizontal","top-store-shadow-","top-store-shadow-hover-"],"_links":{"self":[{"href":"https:\/\/server.idssoft.net\/idsdemo\/wp-json\/wp\/v2\/product\/16259","targetHints":{"allow":["GET"]}}],"collection":[{"href":"https:\/\/server.idssoft.net\/idsdemo\/wp-json\/wp\/v2\/product"}],"about":[{"href":"https:\/\/server.idssoft.net\/idsdemo\/wp-json\/wp\/v2\/types\/product"}],"replies":[{"embeddable":true,"href":"https:\/\/server.idssoft.net\/idsdemo\/wp-json\/wp\/v2\/comments?post=16259"}],"wp:featuredmedia":[{"embeddable":true,"href":"https:\/\/server.idssoft.net\/idsdemo\/wp-json\/wp\/v2\/media\/16258"}],"wp:attachment":[{"href":"https:\/\/server.idssoft.net\/idsdemo\/wp-json\/wp\/v2\/media?parent=16259"}],"wp:term":[{"taxonomy":"product_cat","embeddable":true,"href":"https:\/\/server.idssoft.net\/idsdemo\/wp-json\/wp\/v2\/product_cat?post=16259"},{"taxonomy":"product_tag","embeddable":true,"href":"https:\/\/server.idssoft.net\/idsdemo\/wp-json\/wp\/v2\/product_tag?post=16259"}],"curies":[{"name":"wp","href":"https:\/\/api.w.org\/{rel}","templated":true}]}}