{"id":16279,"date":"2021-06-23T16:07:40","date_gmt":"2021-06-23T16:07:40","guid":{"rendered":"https:\/\/server.idssoft.net\/idsdemo\/producto\/portarrollos-de-mesa-blanco-blim\/"},"modified":"2021-06-23T16:07:40","modified_gmt":"2021-06-23T16:07:40","slug":"portarrollos-de-mesa-blanco-blim","status":"publish","type":"product","link":"https:\/\/server.idssoft.net\/idsdemo\/producto\/portarrollos-de-mesa-blanco-blim\/","title":{"rendered":"PORTARROLLOS DE MESA BLANCO BLIM"},"content":{"rendered":"<p>&#8211; Portarrollos de papel de cocina, pr\u00e1ctico y manejable, muy c\u00f3modo de sujetar para rasgar la hoja. Ideal para rollos y rollos grandes de todos los tama\u00f1os.<br \/>&#8211; Dimensiones: 12x15x30cm<\/p>\n","protected":false},"excerpt":{"rendered":"<p>&#8211; Portarrollos de papel de cocina, pr\u00e1ctico y manejable, muy c\u00f3modo de sujetar para rasgar la hoja. Ideal para rollos y rollos grandes de todos los tama\u00f1os.&#8211; Dimensiones: 12x15x30cm<\/p>\n","protected":false},"featured_media":16278,"comment_status":"open","ping_status":"closed","template":"","meta":[],"product_cat":[579],"product_tag":[],"class_list":["post-16279","product","type-product","status-publish","has-post-thumbnail","hentry","product_cat-plasticos-alta-calidad","thunk-woo-product-list","opn-qv-enable","top-store-woo-hover-","top-store-single-product-tab-horizontal","top-store-shadow-","top-store-shadow-hover-"],"_links":{"self":[{"href":"https:\/\/server.idssoft.net\/idsdemo\/wp-json\/wp\/v2\/product\/16279","targetHints":{"allow":["GET"]}}],"collection":[{"href":"https:\/\/server.idssoft.net\/idsdemo\/wp-json\/wp\/v2\/product"}],"about":[{"href":"https:\/\/server.idssoft.net\/idsdemo\/wp-json\/wp\/v2\/types\/product"}],"replies":[{"embeddable":true,"href":"https:\/\/server.idssoft.net\/idsdemo\/wp-json\/wp\/v2\/comments?post=16279"}],"wp:featuredmedia":[{"embeddable":true,"href":"https:\/\/server.idssoft.net\/idsdemo\/wp-json\/wp\/v2\/media\/16278"}],"wp:attachment":[{"href":"https:\/\/server.idssoft.net\/idsdemo\/wp-json\/wp\/v2\/media?parent=16279"}],"wp:term":[{"taxonomy":"product_cat","embeddable":true,"href":"https:\/\/server.idssoft.net\/idsdemo\/wp-json\/wp\/v2\/product_cat?post=16279"},{"taxonomy":"product_tag","embeddable":true,"href":"https:\/\/server.idssoft.net\/idsdemo\/wp-json\/wp\/v2\/product_tag?post=16279"}],"curies":[{"name":"wp","href":"https:\/\/api.w.org\/{rel}","templated":true}]}}