{"id":16294,"date":"2021-06-23T16:08:14","date_gmt":"2021-06-23T16:08:14","guid":{"rendered":"https:\/\/server.idssoft.net\/idsdemo\/producto\/pack-6-platos-planos-22cm-blanco-blim\/"},"modified":"2021-06-23T16:08:14","modified_gmt":"2021-06-23T16:08:14","slug":"pack-6-platos-planos-22cm-blanco-blim","status":"publish","type":"product","link":"https:\/\/server.idssoft.net\/idsdemo\/producto\/pack-6-platos-planos-22cm-blanco-blim\/","title":{"rendered":"PACK 6 PLATOS PLANOS 22CM BLANCO BLIM"},"content":{"rendered":"<p>&#8211; La forma pr\u00e1ctica, juvenil y saludable de poner la mesa y vestirla de color. Los colores brillantes y los bordes altos los hacen ideales para las comidas de los ni\u00f1os. Los platos de pl\u00e1stico, al ser reutilizables, son una alternativa v\u00e1lida a lo<\/p>\n","protected":false},"excerpt":{"rendered":"<p>&#8211; La forma pr\u00e1ctica, juvenil y saludable de poner la mesa y vestirla de color. Los colores brillantes y los bordes altos los hacen ideales para las comidas de los ni\u00f1os. Los platos de pl\u00e1stico, al ser reutilizables, son una alternativa v\u00e1lida a lo<\/p>\n","protected":false},"featured_media":16293,"comment_status":"open","ping_status":"closed","template":"","meta":[],"product_cat":[579],"product_tag":[],"class_list":["post-16294","product","type-product","status-publish","has-post-thumbnail","hentry","product_cat-plasticos-alta-calidad","thunk-woo-product-list","opn-qv-enable","top-store-woo-hover-","top-store-single-product-tab-horizontal","top-store-shadow-","top-store-shadow-hover-"],"_links":{"self":[{"href":"https:\/\/server.idssoft.net\/idsdemo\/wp-json\/wp\/v2\/product\/16294","targetHints":{"allow":["GET"]}}],"collection":[{"href":"https:\/\/server.idssoft.net\/idsdemo\/wp-json\/wp\/v2\/product"}],"about":[{"href":"https:\/\/server.idssoft.net\/idsdemo\/wp-json\/wp\/v2\/types\/product"}],"replies":[{"embeddable":true,"href":"https:\/\/server.idssoft.net\/idsdemo\/wp-json\/wp\/v2\/comments?post=16294"}],"wp:featuredmedia":[{"embeddable":true,"href":"https:\/\/server.idssoft.net\/idsdemo\/wp-json\/wp\/v2\/media\/16293"}],"wp:attachment":[{"href":"https:\/\/server.idssoft.net\/idsdemo\/wp-json\/wp\/v2\/media?parent=16294"}],"wp:term":[{"taxonomy":"product_cat","embeddable":true,"href":"https:\/\/server.idssoft.net\/idsdemo\/wp-json\/wp\/v2\/product_cat?post=16294"},{"taxonomy":"product_tag","embeddable":true,"href":"https:\/\/server.idssoft.net\/idsdemo\/wp-json\/wp\/v2\/product_tag?post=16294"}],"curies":[{"name":"wp","href":"https:\/\/api.w.org\/{rel}","templated":true}]}}