{"id":16302,"date":"2021-06-23T16:08:33","date_gmt":"2021-06-23T16:08:33","guid":{"rendered":"https:\/\/server.idssoft.net\/idsdemo\/producto\/bandeja-tapa-para-pasteles-y-tartas-35cm-blanco-blim\/"},"modified":"2021-06-23T16:08:33","modified_gmt":"2021-06-23T16:08:33","slug":"bandeja-tapa-para-pasteles-y-tartas-35cm-blanco-blim","status":"publish","type":"product","link":"https:\/\/server.idssoft.net\/idsdemo\/producto\/bandeja-tapa-para-pasteles-y-tartas-35cm-blanco-blim\/","title":{"rendered":"BANDEJA + TAPA PARA PASTELES Y TARTAS 35CM BLANCO BLIM"},"content":{"rendered":"<p>&#8211; El elegante molde para pasteles Delice es perfecto para transportar pasteles y postres con seguridad. Utiliza la tapa como soporte para la base: te permitir\u00e1 decorar y servir la tarta c\u00f3modamente.<br \/>&#8211; Dimensiones: 35cm d\u00edametro x 12cm<\/p>\n","protected":false},"excerpt":{"rendered":"<p>&#8211; El elegante molde para pasteles Delice es perfecto para transportar pasteles y postres con seguridad. Utiliza la tapa como soporte para la base: te permitir\u00e1 decorar y servir la tarta c\u00f3modamente.&#8211; Dimensiones: 35cm d\u00edametro x 12cm<\/p>\n","protected":false},"featured_media":16301,"comment_status":"open","ping_status":"closed","template":"","meta":[],"product_cat":[524],"product_tag":[],"class_list":["post-16302","product","type-product","status-publish","has-post-thumbnail","hentry","product_cat-reposteria","thunk-woo-product-list","opn-qv-enable","top-store-woo-hover-","top-store-single-product-tab-horizontal","top-store-shadow-","top-store-shadow-hover-"],"_links":{"self":[{"href":"https:\/\/server.idssoft.net\/idsdemo\/wp-json\/wp\/v2\/product\/16302","targetHints":{"allow":["GET"]}}],"collection":[{"href":"https:\/\/server.idssoft.net\/idsdemo\/wp-json\/wp\/v2\/product"}],"about":[{"href":"https:\/\/server.idssoft.net\/idsdemo\/wp-json\/wp\/v2\/types\/product"}],"replies":[{"embeddable":true,"href":"https:\/\/server.idssoft.net\/idsdemo\/wp-json\/wp\/v2\/comments?post=16302"}],"wp:featuredmedia":[{"embeddable":true,"href":"https:\/\/server.idssoft.net\/idsdemo\/wp-json\/wp\/v2\/media\/16301"}],"wp:attachment":[{"href":"https:\/\/server.idssoft.net\/idsdemo\/wp-json\/wp\/v2\/media?parent=16302"}],"wp:term":[{"taxonomy":"product_cat","embeddable":true,"href":"https:\/\/server.idssoft.net\/idsdemo\/wp-json\/wp\/v2\/product_cat?post=16302"},{"taxonomy":"product_tag","embeddable":true,"href":"https:\/\/server.idssoft.net\/idsdemo\/wp-json\/wp\/v2\/product_tag?post=16302"}],"curies":[{"name":"wp","href":"https:\/\/api.w.org\/{rel}","templated":true}]}}