{"id":16329,"date":"2021-06-23T16:09:27","date_gmt":"2021-06-23T16:09:27","guid":{"rendered":"https:\/\/server.idssoft.net\/idsdemo\/producto\/tarro-para-almacenamiento-0-5-litros-verde-blim\/"},"modified":"2021-06-23T16:09:27","modified_gmt":"2021-06-23T16:09:27","slug":"tarro-para-almacenamiento-0-5-litros-verde-blim","status":"publish","type":"product","link":"https:\/\/server.idssoft.net\/idsdemo\/producto\/tarro-para-almacenamiento-0-5-litros-verde-blim\/","title":{"rendered":"TARRO PARA ALMACENAMIENTO 0.5 LITROS VERDE BLIM"},"content":{"rendered":"<p>&#8211; Dos dimensiones pr\u00e1cticas y manejables que combinan est\u00e9tica y organizaci\u00f3n. El cuerpo de poliestireno hace que el frasco sea perfectamente transparente, para que el contenido sea inmediatamente visible. La tapa entrelazada se puede apilar f\u00e1cil<\/p>\n","protected":false},"excerpt":{"rendered":"<p>&#8211; Dos dimensiones pr\u00e1cticas y manejables que combinan est\u00e9tica y organizaci\u00f3n. El cuerpo de poliestireno hace que el frasco sea perfectamente transparente, para que el contenido sea inmediatamente visible. La tapa entrelazada se puede apilar f\u00e1cil<\/p>\n","protected":false},"featured_media":16328,"comment_status":"open","ping_status":"closed","template":"","meta":[],"product_cat":[516],"product_tag":[],"class_list":["post-16329","product","type-product","status-publish","has-post-thumbnail","hentry","product_cat-botellas-y-recipientes","thunk-woo-product-list","opn-qv-enable","top-store-woo-hover-","top-store-single-product-tab-horizontal","top-store-shadow-","top-store-shadow-hover-"],"_links":{"self":[{"href":"https:\/\/server.idssoft.net\/idsdemo\/wp-json\/wp\/v2\/product\/16329","targetHints":{"allow":["GET"]}}],"collection":[{"href":"https:\/\/server.idssoft.net\/idsdemo\/wp-json\/wp\/v2\/product"}],"about":[{"href":"https:\/\/server.idssoft.net\/idsdemo\/wp-json\/wp\/v2\/types\/product"}],"replies":[{"embeddable":true,"href":"https:\/\/server.idssoft.net\/idsdemo\/wp-json\/wp\/v2\/comments?post=16329"}],"wp:featuredmedia":[{"embeddable":true,"href":"https:\/\/server.idssoft.net\/idsdemo\/wp-json\/wp\/v2\/media\/16328"}],"wp:attachment":[{"href":"https:\/\/server.idssoft.net\/idsdemo\/wp-json\/wp\/v2\/media?parent=16329"}],"wp:term":[{"taxonomy":"product_cat","embeddable":true,"href":"https:\/\/server.idssoft.net\/idsdemo\/wp-json\/wp\/v2\/product_cat?post=16329"},{"taxonomy":"product_tag","embeddable":true,"href":"https:\/\/server.idssoft.net\/idsdemo\/wp-json\/wp\/v2\/product_tag?post=16329"}],"curies":[{"name":"wp","href":"https:\/\/api.w.org\/{rel}","templated":true}]}}