{"id":16370,"date":"2021-06-23T16:11:02","date_gmt":"2021-06-23T16:11:02","guid":{"rendered":"https:\/\/server.idssoft.net\/idsdemo\/producto\/tupper-rectangular-apilable-tapa-0-4-litros-14x9-5x6cm-ver\/"},"modified":"2021-06-23T16:11:02","modified_gmt":"2021-06-23T16:11:02","slug":"tupper-rectangular-apilable-tapa-0-4-litros-14x9-5x6cm-ver","status":"publish","type":"product","link":"https:\/\/server.idssoft.net\/idsdemo\/producto\/tupper-rectangular-apilable-tapa-0-4-litros-14x9-5x6cm-ver\/","title":{"rendered":"TUPPER RECTANGULAR APILABLE + TAPA 0.4 LITROS 14X9.5X6CM VER"},"content":{"rendered":"<p>&#8211; Tambi\u00e9n aptas para su uso en nevera, congelador y microondas, son c\u00f3modas y pr\u00e1cticas porque el pl\u00e1stico transparente permite identificar inmediatamente el contenido.<br \/>&#8211; Dimensiones: 14X9.5X6cm<br \/>&#8211; Capacidad: 0.4 litros<\/p>\n","protected":false},"excerpt":{"rendered":"<p>&#8211; Tambi\u00e9n aptas para su uso en nevera, congelador y microondas, son c\u00f3modas y pr\u00e1cticas porque el pl\u00e1stico transparente permite identificar inmediatamente el contenido.&#8211; Dimensiones: 14X9.5X6cm&#8211; Capacidad: 0.4 litros<\/p>\n","protected":false},"featured_media":16369,"comment_status":"open","ping_status":"closed","template":"","meta":[],"product_cat":[529],"product_tag":[],"class_list":["post-16370","product","type-product","status-publish","has-post-thumbnail","hentry","product_cat-tupper","thunk-woo-product-list","opn-qv-enable","top-store-woo-hover-","top-store-single-product-tab-horizontal","top-store-shadow-","top-store-shadow-hover-"],"_links":{"self":[{"href":"https:\/\/server.idssoft.net\/idsdemo\/wp-json\/wp\/v2\/product\/16370","targetHints":{"allow":["GET"]}}],"collection":[{"href":"https:\/\/server.idssoft.net\/idsdemo\/wp-json\/wp\/v2\/product"}],"about":[{"href":"https:\/\/server.idssoft.net\/idsdemo\/wp-json\/wp\/v2\/types\/product"}],"replies":[{"embeddable":true,"href":"https:\/\/server.idssoft.net\/idsdemo\/wp-json\/wp\/v2\/comments?post=16370"}],"wp:featuredmedia":[{"embeddable":true,"href":"https:\/\/server.idssoft.net\/idsdemo\/wp-json\/wp\/v2\/media\/16369"}],"wp:attachment":[{"href":"https:\/\/server.idssoft.net\/idsdemo\/wp-json\/wp\/v2\/media?parent=16370"}],"wp:term":[{"taxonomy":"product_cat","embeddable":true,"href":"https:\/\/server.idssoft.net\/idsdemo\/wp-json\/wp\/v2\/product_cat?post=16370"},{"taxonomy":"product_tag","embeddable":true,"href":"https:\/\/server.idssoft.net\/idsdemo\/wp-json\/wp\/v2\/product_tag?post=16370"}],"curies":[{"name":"wp","href":"https:\/\/api.w.org\/{rel}","templated":true}]}}