{"id":16384,"date":"2021-06-23T16:11:33","date_gmt":"2021-06-23T16:11:33","guid":{"rendered":"https:\/\/server.idssoft.net\/idsdemo\/producto\/tupper-rectangular-apilable-tapa-1-7-litros-23x15x10cm-nar\/"},"modified":"2021-06-23T16:11:33","modified_gmt":"2021-06-23T16:11:33","slug":"tupper-rectangular-apilable-tapa-1-7-litros-23x15x10cm-nar","status":"publish","type":"product","link":"https:\/\/server.idssoft.net\/idsdemo\/producto\/tupper-rectangular-apilable-tapa-1-7-litros-23x15x10cm-nar\/","title":{"rendered":"TUPPER RECTANGULAR APILABLE + TAPA 1.7 LITROS 23X15X10CM NAR"},"content":{"rendered":"<p>&#8211; Tambi\u00e9n aptas para su uso en nevera, congelador y microondas, son c\u00f3modas y pr\u00e1cticas porque el pl\u00e1stico transparente permite identificar inmediatamente el contenido.<br \/>&#8211; Dimensiones: 23X15X10cm<br \/>&#8211; Capacidad: 1.7 litros<\/p>\n","protected":false},"excerpt":{"rendered":"<p>&#8211; Tambi\u00e9n aptas para su uso en nevera, congelador y microondas, son c\u00f3modas y pr\u00e1cticas porque el pl\u00e1stico transparente permite identificar inmediatamente el contenido.&#8211; Dimensiones: 23X15X10cm&#8211; Capacidad: 1.7 litros<\/p>\n","protected":false},"featured_media":16383,"comment_status":"open","ping_status":"closed","template":"","meta":[],"product_cat":[529],"product_tag":[],"class_list":["post-16384","product","type-product","status-publish","has-post-thumbnail","hentry","product_cat-tupper","thunk-woo-product-list","opn-qv-enable","top-store-woo-hover-","top-store-single-product-tab-horizontal","top-store-shadow-","top-store-shadow-hover-"],"_links":{"self":[{"href":"https:\/\/server.idssoft.net\/idsdemo\/wp-json\/wp\/v2\/product\/16384","targetHints":{"allow":["GET"]}}],"collection":[{"href":"https:\/\/server.idssoft.net\/idsdemo\/wp-json\/wp\/v2\/product"}],"about":[{"href":"https:\/\/server.idssoft.net\/idsdemo\/wp-json\/wp\/v2\/types\/product"}],"replies":[{"embeddable":true,"href":"https:\/\/server.idssoft.net\/idsdemo\/wp-json\/wp\/v2\/comments?post=16384"}],"wp:featuredmedia":[{"embeddable":true,"href":"https:\/\/server.idssoft.net\/idsdemo\/wp-json\/wp\/v2\/media\/16383"}],"wp:attachment":[{"href":"https:\/\/server.idssoft.net\/idsdemo\/wp-json\/wp\/v2\/media?parent=16384"}],"wp:term":[{"taxonomy":"product_cat","embeddable":true,"href":"https:\/\/server.idssoft.net\/idsdemo\/wp-json\/wp\/v2\/product_cat?post=16384"},{"taxonomy":"product_tag","embeddable":true,"href":"https:\/\/server.idssoft.net\/idsdemo\/wp-json\/wp\/v2\/product_tag?post=16384"}],"curies":[{"name":"wp","href":"https:\/\/api.w.org\/{rel}","templated":true}]}}