{"id":16429,"date":"2021-06-23T16:13:09","date_gmt":"2021-06-23T16:13:09","guid":{"rendered":"https:\/\/server.idssoft.net\/idsdemo\/producto\/caja-transparente-con-asas-y-ruedas-80-litros-55x39x55cm-bli\/"},"modified":"2021-06-23T16:13:09","modified_gmt":"2021-06-23T16:13:09","slug":"caja-transparente-con-asas-y-ruedas-80-litros-55x39x55cm-bli","status":"publish","type":"product","link":"https:\/\/server.idssoft.net\/idsdemo\/producto\/caja-transparente-con-asas-y-ruedas-80-litros-55x39x55cm-bli\/","title":{"rendered":"CAJA TRANSPARENTE CON ASAS Y RUEDAS 80 LITROS 55X39X55CM BLI"},"content":{"rendered":"<p>&#8211; Recipientes transparentes para finalmente recuperar el control del armario. Los c\u00f3modos mangos y rodillos son detalles en nombre de la practicidad. El caj\u00f3n perforado es el toque extra, \u00fatil para contener el aroma del armario y mantener el cambio<\/p>\n","protected":false},"excerpt":{"rendered":"<p>&#8211; Recipientes transparentes para finalmente recuperar el control del armario. Los c\u00f3modos mangos y rodillos son detalles en nombre de la practicidad. El caj\u00f3n perforado es el toque extra, \u00fatil para contener el aroma del armario y mantener el cambio<\/p>\n","protected":false},"featured_media":16427,"comment_status":"open","ping_status":"closed","template":"","meta":[],"product_cat":[539],"product_tag":[],"class_list":["post-16429","product","type-product","status-publish","has-post-thumbnail","hentry","product_cat-ordenacion","thunk-woo-product-list","opn-qv-enable","top-store-woo-hover-","top-store-single-product-tab-horizontal","top-store-shadow-","top-store-shadow-hover-"],"_links":{"self":[{"href":"https:\/\/server.idssoft.net\/idsdemo\/wp-json\/wp\/v2\/product\/16429","targetHints":{"allow":["GET"]}}],"collection":[{"href":"https:\/\/server.idssoft.net\/idsdemo\/wp-json\/wp\/v2\/product"}],"about":[{"href":"https:\/\/server.idssoft.net\/idsdemo\/wp-json\/wp\/v2\/types\/product"}],"replies":[{"embeddable":true,"href":"https:\/\/server.idssoft.net\/idsdemo\/wp-json\/wp\/v2\/comments?post=16429"}],"wp:featuredmedia":[{"embeddable":true,"href":"https:\/\/server.idssoft.net\/idsdemo\/wp-json\/wp\/v2\/media\/16427"}],"wp:attachment":[{"href":"https:\/\/server.idssoft.net\/idsdemo\/wp-json\/wp\/v2\/media?parent=16429"}],"wp:term":[{"taxonomy":"product_cat","embeddable":true,"href":"https:\/\/server.idssoft.net\/idsdemo\/wp-json\/wp\/v2\/product_cat?post=16429"},{"taxonomy":"product_tag","embeddable":true,"href":"https:\/\/server.idssoft.net\/idsdemo\/wp-json\/wp\/v2\/product_tag?post=16429"}],"curies":[{"name":"wp","href":"https:\/\/api.w.org\/{rel}","templated":true}]}}