{"id":16449,"date":"2021-06-23T16:13:49","date_gmt":"2021-06-23T16:13:49","guid":{"rendered":"https:\/\/server.idssoft.net\/idsdemo\/producto\/contenedor-de-basura-50-litros-tapa-y-cierre-gris-blim\/"},"modified":"2021-06-23T16:13:49","modified_gmt":"2021-06-23T16:13:49","slug":"contenedor-de-basura-50-litros-tapa-y-cierre-gris-blim","status":"publish","type":"product","link":"https:\/\/server.idssoft.net\/idsdemo\/producto\/contenedor-de-basura-50-litros-tapa-y-cierre-gris-blim\/","title":{"rendered":"CONTENEDOR DE BASURA 50 LITROS TAPA Y CIERRE GRIS BLIM"},"content":{"rendered":"<p>&#8211; Hace un gui\u00f1o a la forma cl\u00e1sica de las latas antiguas, pero con toda la modernidad, practicidad y toque de color de un envase de pl\u00e1stico.<br \/>&#8211; Dimensiones: 50cm de diametro x 57cm<br \/>&#8211; Capacidad:50 litros<\/p>\n","protected":false},"excerpt":{"rendered":"<p>&#8211; Hace un gui\u00f1o a la forma cl\u00e1sica de las latas antiguas, pero con toda la modernidad, practicidad y toque de color de un envase de pl\u00e1stico.&#8211; Dimensiones: 50cm de diametro x 57cm&#8211; Capacidad:50 litros<\/p>\n","protected":false},"featured_media":16448,"comment_status":"open","ping_status":"closed","template":"","meta":[],"product_cat":[544],"product_tag":[],"class_list":["post-16449","product","type-product","status-publish","has-post-thumbnail","hentry","product_cat-papeleras","thunk-woo-product-list","opn-qv-enable","top-store-woo-hover-","top-store-single-product-tab-horizontal","top-store-shadow-","top-store-shadow-hover-"],"_links":{"self":[{"href":"https:\/\/server.idssoft.net\/idsdemo\/wp-json\/wp\/v2\/product\/16449","targetHints":{"allow":["GET"]}}],"collection":[{"href":"https:\/\/server.idssoft.net\/idsdemo\/wp-json\/wp\/v2\/product"}],"about":[{"href":"https:\/\/server.idssoft.net\/idsdemo\/wp-json\/wp\/v2\/types\/product"}],"replies":[{"embeddable":true,"href":"https:\/\/server.idssoft.net\/idsdemo\/wp-json\/wp\/v2\/comments?post=16449"}],"wp:featuredmedia":[{"embeddable":true,"href":"https:\/\/server.idssoft.net\/idsdemo\/wp-json\/wp\/v2\/media\/16448"}],"wp:attachment":[{"href":"https:\/\/server.idssoft.net\/idsdemo\/wp-json\/wp\/v2\/media?parent=16449"}],"wp:term":[{"taxonomy":"product_cat","embeddable":true,"href":"https:\/\/server.idssoft.net\/idsdemo\/wp-json\/wp\/v2\/product_cat?post=16449"},{"taxonomy":"product_tag","embeddable":true,"href":"https:\/\/server.idssoft.net\/idsdemo\/wp-json\/wp\/v2\/product_tag?post=16449"}],"curies":[{"name":"wp","href":"https:\/\/api.w.org\/{rel}","templated":true}]}}