{"id":16457,"date":"2021-06-23T16:14:09","date_gmt":"2021-06-23T16:14:09","guid":{"rendered":"https:\/\/server.idssoft.net\/idsdemo\/producto\/pala-recogedor-plegable-blim\/"},"modified":"2021-06-23T16:14:09","modified_gmt":"2021-06-23T16:14:09","slug":"pala-recogedor-plegable-blim","status":"publish","type":"product","link":"https:\/\/server.idssoft.net\/idsdemo\/producto\/pala-recogedor-plegable-blim\/","title":{"rendered":"PALA \/ RECOGEDOR PLEGABLE BLIM"},"content":{"rendered":"<p>&#8211; El nuevo recogedor con junta es c\u00f3modo y pr\u00e1ctico: se cierra f\u00e1cilmente, ideal para guardar en un espacio reducido o para colgar. El perfil de goma ayuda a que se adhiera mejor a la superficie para una recogida m\u00e1s eficaz y r\u00e1pida.<br \/>&#8211; Dimen<\/p>\n","protected":false},"excerpt":{"rendered":"<p>&#8211; El nuevo recogedor con junta es c\u00f3modo y pr\u00e1ctico: se cierra f\u00e1cilmente, ideal para guardar en un espacio reducido o para colgar. El perfil de goma ayuda a que se adhiera mejor a la superficie para una recogida m\u00e1s eficaz y r\u00e1pida.&#8211; Dimen<\/p>\n","protected":false},"featured_media":16456,"comment_status":"open","ping_status":"closed","template":"","meta":[],"product_cat":[550],"product_tag":[],"class_list":["post-16457","product","type-product","status-publish","has-post-thumbnail","hentry","product_cat-productos-limpieza","thunk-woo-product-list","opn-qv-enable","top-store-woo-hover-","top-store-single-product-tab-horizontal","top-store-shadow-","top-store-shadow-hover-"],"_links":{"self":[{"href":"https:\/\/server.idssoft.net\/idsdemo\/wp-json\/wp\/v2\/product\/16457","targetHints":{"allow":["GET"]}}],"collection":[{"href":"https:\/\/server.idssoft.net\/idsdemo\/wp-json\/wp\/v2\/product"}],"about":[{"href":"https:\/\/server.idssoft.net\/idsdemo\/wp-json\/wp\/v2\/types\/product"}],"replies":[{"embeddable":true,"href":"https:\/\/server.idssoft.net\/idsdemo\/wp-json\/wp\/v2\/comments?post=16457"}],"wp:featuredmedia":[{"embeddable":true,"href":"https:\/\/server.idssoft.net\/idsdemo\/wp-json\/wp\/v2\/media\/16456"}],"wp:attachment":[{"href":"https:\/\/server.idssoft.net\/idsdemo\/wp-json\/wp\/v2\/media?parent=16457"}],"wp:term":[{"taxonomy":"product_cat","embeddable":true,"href":"https:\/\/server.idssoft.net\/idsdemo\/wp-json\/wp\/v2\/product_cat?post=16457"},{"taxonomy":"product_tag","embeddable":true,"href":"https:\/\/server.idssoft.net\/idsdemo\/wp-json\/wp\/v2\/product_tag?post=16457"}],"curies":[{"name":"wp","href":"https:\/\/api.w.org\/{rel}","templated":true}]}}