{"id":16471,"date":"2021-06-23T16:14:45","date_gmt":"2021-06-23T16:14:45","guid":{"rendered":"https:\/\/server.idssoft.net\/idsdemo\/producto\/bascula-digital-smart-body-bluetooth-muvip\/"},"modified":"2021-06-23T16:14:45","modified_gmt":"2021-06-23T16:14:45","slug":"bascula-digital-smart-body-bluetooth-muvip","status":"publish","type":"product","link":"https:\/\/server.idssoft.net\/idsdemo\/producto\/bascula-digital-smart-body-bluetooth-muvip\/","title":{"rendered":"BASCULA DIGITAL SMART BODY BLUETOOTH MUVIP"},"content":{"rendered":"<p>&#8211; Bluetooth integrado. Aplicaci\u00f3n m\u00f3vil para iOS y Android para el control del peso y par\u00e1metros. <br \/>&#8211; APP: Fitdays<br \/>&#8211; Capacidad: 180Kg<br \/>&#8211; Sensores alta precisi\u00f3n<br \/>&#8211; Plataforma cristal templado redondeada<br \/>&#8211; Encendido y apagado<\/p>\n","protected":false},"excerpt":{"rendered":"<p>&#8211; Bluetooth integrado. Aplicaci\u00f3n m\u00f3vil para iOS y Android para el control del peso y par\u00e1metros. &#8211; APP: Fitdays&#8211; Capacidad: 180Kg&#8211; Sensores alta precisi\u00f3n&#8211; Plataforma cristal templado redondeada&#8211; Encendido y apagado<\/p>\n","protected":false},"featured_media":16470,"comment_status":"open","ping_status":"closed","template":"","meta":[],"product_cat":[510],"product_tag":[],"class_list":["post-16471","product","type-product","status-publish","has-post-thumbnail","hentry","product_cat-basculas-bao","thunk-woo-product-list","opn-qv-enable","top-store-woo-hover-","top-store-single-product-tab-horizontal","top-store-shadow-","top-store-shadow-hover-"],"_links":{"self":[{"href":"https:\/\/server.idssoft.net\/idsdemo\/wp-json\/wp\/v2\/product\/16471","targetHints":{"allow":["GET"]}}],"collection":[{"href":"https:\/\/server.idssoft.net\/idsdemo\/wp-json\/wp\/v2\/product"}],"about":[{"href":"https:\/\/server.idssoft.net\/idsdemo\/wp-json\/wp\/v2\/types\/product"}],"replies":[{"embeddable":true,"href":"https:\/\/server.idssoft.net\/idsdemo\/wp-json\/wp\/v2\/comments?post=16471"}],"wp:featuredmedia":[{"embeddable":true,"href":"https:\/\/server.idssoft.net\/idsdemo\/wp-json\/wp\/v2\/media\/16470"}],"wp:attachment":[{"href":"https:\/\/server.idssoft.net\/idsdemo\/wp-json\/wp\/v2\/media?parent=16471"}],"wp:term":[{"taxonomy":"product_cat","embeddable":true,"href":"https:\/\/server.idssoft.net\/idsdemo\/wp-json\/wp\/v2\/product_cat?post=16471"},{"taxonomy":"product_tag","embeddable":true,"href":"https:\/\/server.idssoft.net\/idsdemo\/wp-json\/wp\/v2\/product_tag?post=16471"}],"curies":[{"name":"wp","href":"https:\/\/api.w.org\/{rel}","templated":true}]}}