{"id":16473,"date":"2021-06-23T16:14:50","date_gmt":"2021-06-23T16:14:50","guid":{"rendered":"https:\/\/server.idssoft.net\/idsdemo\/producto\/bascula-de-cocina-digital-bamboo-muvip\/"},"modified":"2021-06-23T16:14:50","modified_gmt":"2021-06-23T16:14:50","slug":"bascula-de-cocina-digital-bamboo-muvip","status":"publish","type":"product","link":"https:\/\/server.idssoft.net\/idsdemo\/producto\/bascula-de-cocina-digital-bamboo-muvip\/","title":{"rendered":"BASCULA DE COCINA DIGITAL BAMBOO MUVIP"},"content":{"rendered":"<p>&#8211; Sensor de calibraci\u00f3n de alta precisi\u00f3n<br \/>&#8211; Superficie de Bamboo (ECO CONCEPT)<br \/>&#8211; Apagado autom\u00e1tico<br \/>&#8211; Funcion TARA<br \/>&#8211; Indicador de bateria baja y sobrecarga<br \/>&#8211; Modos: volumen leche \/ volumen de agua \/ peso<br \/>&#8211; Capacidad: 5<\/p>\n","protected":false},"excerpt":{"rendered":"<p>&#8211; Sensor de calibraci\u00f3n de alta precisi\u00f3n&#8211; Superficie de Bamboo (ECO CONCEPT)&#8211; Apagado autom\u00e1tico&#8211; Funcion TARA&#8211; Indicador de bateria baja y sobrecarga&#8211; Modos: volumen leche \/ volumen de agua \/ peso&#8211; Capacidad: 5<\/p>\n","protected":false},"featured_media":16472,"comment_status":"open","ping_status":"closed","template":"","meta":[],"product_cat":[507],"product_tag":[],"class_list":["post-16473","product","type-product","status-publish","has-post-thumbnail","hentry","product_cat-basculas-de-cocina","thunk-woo-product-list","opn-qv-enable","top-store-woo-hover-","top-store-single-product-tab-horizontal","top-store-shadow-","top-store-shadow-hover-"],"_links":{"self":[{"href":"https:\/\/server.idssoft.net\/idsdemo\/wp-json\/wp\/v2\/product\/16473","targetHints":{"allow":["GET"]}}],"collection":[{"href":"https:\/\/server.idssoft.net\/idsdemo\/wp-json\/wp\/v2\/product"}],"about":[{"href":"https:\/\/server.idssoft.net\/idsdemo\/wp-json\/wp\/v2\/types\/product"}],"replies":[{"embeddable":true,"href":"https:\/\/server.idssoft.net\/idsdemo\/wp-json\/wp\/v2\/comments?post=16473"}],"wp:featuredmedia":[{"embeddable":true,"href":"https:\/\/server.idssoft.net\/idsdemo\/wp-json\/wp\/v2\/media\/16472"}],"wp:attachment":[{"href":"https:\/\/server.idssoft.net\/idsdemo\/wp-json\/wp\/v2\/media?parent=16473"}],"wp:term":[{"taxonomy":"product_cat","embeddable":true,"href":"https:\/\/server.idssoft.net\/idsdemo\/wp-json\/wp\/v2\/product_cat?post=16473"},{"taxonomy":"product_tag","embeddable":true,"href":"https:\/\/server.idssoft.net\/idsdemo\/wp-json\/wp\/v2\/product_tag?post=16473"}],"curies":[{"name":"wp","href":"https:\/\/api.w.org\/{rel}","templated":true}]}}