{"id":16475,"date":"2021-06-23T16:14:55","date_gmt":"2021-06-23T16:14:55","guid":{"rendered":"https:\/\/server.idssoft.net\/idsdemo\/producto\/bascula-de-cocina-digital-luxury-bluetooth-muvip\/"},"modified":"2021-06-23T16:14:55","modified_gmt":"2021-06-23T16:14:55","slug":"bascula-de-cocina-digital-luxury-bluetooth-muvip","status":"publish","type":"product","link":"https:\/\/server.idssoft.net\/idsdemo\/producto\/bascula-de-cocina-digital-luxury-bluetooth-muvip\/","title":{"rendered":"BASCULA DE COCINA DIGITAL LUXURY BLUETOOTH MUVIP"},"content":{"rendered":"<p>&#8211; Bluetooth con aplicaci\u00f3n NUTRIDAYS<br \/>&#8211; Sensor de calibraci\u00f3n de alta precisi\u00f3n<br \/>&#8211; Plataforma de acero inoxidable de alta calidad con dise\u00f1o slim<br \/>&#8211; Superficie con revestimiento especial para que no se marquen los dedos. <br \/>&#8211; Apagad<\/p>\n","protected":false},"excerpt":{"rendered":"<p>&#8211; Bluetooth con aplicaci\u00f3n NUTRIDAYS&#8211; Sensor de calibraci\u00f3n de alta precisi\u00f3n&#8211; Plataforma de acero inoxidable de alta calidad con dise\u00f1o slim&#8211; Superficie con revestimiento especial para que no se marquen los dedos. &#8211; Apagad<\/p>\n","protected":false},"featured_media":16474,"comment_status":"open","ping_status":"closed","template":"","meta":[],"product_cat":[507],"product_tag":[],"class_list":["post-16475","product","type-product","status-publish","has-post-thumbnail","hentry","product_cat-basculas-de-cocina","thunk-woo-product-list","opn-qv-enable","top-store-woo-hover-","top-store-single-product-tab-horizontal","top-store-shadow-","top-store-shadow-hover-"],"_links":{"self":[{"href":"https:\/\/server.idssoft.net\/idsdemo\/wp-json\/wp\/v2\/product\/16475","targetHints":{"allow":["GET"]}}],"collection":[{"href":"https:\/\/server.idssoft.net\/idsdemo\/wp-json\/wp\/v2\/product"}],"about":[{"href":"https:\/\/server.idssoft.net\/idsdemo\/wp-json\/wp\/v2\/types\/product"}],"replies":[{"embeddable":true,"href":"https:\/\/server.idssoft.net\/idsdemo\/wp-json\/wp\/v2\/comments?post=16475"}],"wp:featuredmedia":[{"embeddable":true,"href":"https:\/\/server.idssoft.net\/idsdemo\/wp-json\/wp\/v2\/media\/16474"}],"wp:attachment":[{"href":"https:\/\/server.idssoft.net\/idsdemo\/wp-json\/wp\/v2\/media?parent=16475"}],"wp:term":[{"taxonomy":"product_cat","embeddable":true,"href":"https:\/\/server.idssoft.net\/idsdemo\/wp-json\/wp\/v2\/product_cat?post=16475"},{"taxonomy":"product_tag","embeddable":true,"href":"https:\/\/server.idssoft.net\/idsdemo\/wp-json\/wp\/v2\/product_tag?post=16475"}],"curies":[{"name":"wp","href":"https:\/\/api.w.org\/{rel}","templated":true}]}}