{"id":16478,"date":"2021-06-23T16:15:01","date_gmt":"2021-06-23T16:15:01","guid":{"rendered":"https:\/\/server.idssoft.net\/idsdemo\/producto\/impresora-hp-multufuncion-deskjet-3750-wifi-lcd\/"},"modified":"2021-06-23T16:15:01","modified_gmt":"2021-06-23T16:15:01","slug":"impresora-hp-multufuncion-deskjet-3750-wifi-lcd","status":"publish","type":"product","link":"https:\/\/server.idssoft.net\/idsdemo\/producto\/impresora-hp-multufuncion-deskjet-3750-wifi-lcd\/","title":{"rendered":"IMPRESORA HP MULTUFUNCI\u00d3N DESKJET 3750 | WIFI | LCD"},"content":{"rendered":"<p>Tecnolog\u00eda de impresi\u00f3n: Inyecci\u00f3n t\u00e9rmica de tinta HP<br \/>Resoluci\u00f3n de impresi\u00f3n<br \/>Tecnolog\u00eda de resoluci\u00f3n: TIJ 2.X<br \/>Contenido de la caja<br \/>Contenido de la caja: Cartucho de tinta<br \/>Cartuchos y cabezales de impresi\u00f3n<br \/>Pes<\/p>\n","protected":false},"excerpt":{"rendered":"<p>Tecnolog\u00eda de impresi\u00f3n: Inyecci\u00f3n t\u00e9rmica de tinta HPResoluci\u00f3n de impresi\u00f3nTecnolog\u00eda de resoluci\u00f3n: TIJ 2.XContenido de la cajaContenido de la caja: Cartucho de tintaCartuchos y cabezales de impresi\u00f3nPes<\/p>\n","protected":false},"featured_media":16476,"comment_status":"open","ping_status":"closed","template":"","meta":[],"product_cat":[585],"product_tag":[],"class_list":["post-16478","product","type-product","status-publish","has-post-thumbnail","hentry","product_cat-impresoras-chorro-de-tinta","thunk-woo-product-list","opn-qv-enable","top-store-woo-hover-","top-store-single-product-tab-horizontal","top-store-shadow-","top-store-shadow-hover-"],"_links":{"self":[{"href":"https:\/\/server.idssoft.net\/idsdemo\/wp-json\/wp\/v2\/product\/16478","targetHints":{"allow":["GET"]}}],"collection":[{"href":"https:\/\/server.idssoft.net\/idsdemo\/wp-json\/wp\/v2\/product"}],"about":[{"href":"https:\/\/server.idssoft.net\/idsdemo\/wp-json\/wp\/v2\/types\/product"}],"replies":[{"embeddable":true,"href":"https:\/\/server.idssoft.net\/idsdemo\/wp-json\/wp\/v2\/comments?post=16478"}],"wp:featuredmedia":[{"embeddable":true,"href":"https:\/\/server.idssoft.net\/idsdemo\/wp-json\/wp\/v2\/media\/16476"}],"wp:attachment":[{"href":"https:\/\/server.idssoft.net\/idsdemo\/wp-json\/wp\/v2\/media?parent=16478"}],"wp:term":[{"taxonomy":"product_cat","embeddable":true,"href":"https:\/\/server.idssoft.net\/idsdemo\/wp-json\/wp\/v2\/product_cat?post=16478"},{"taxonomy":"product_tag","embeddable":true,"href":"https:\/\/server.idssoft.net\/idsdemo\/wp-json\/wp\/v2\/product_tag?post=16478"}],"curies":[{"name":"wp","href":"https:\/\/api.w.org\/{rel}","templated":true}]}}