{"id":16498,"date":"2021-06-23T16:15:45","date_gmt":"2021-06-23T16:15:45","guid":{"rendered":"https:\/\/server.idssoft.net\/idsdemo\/producto\/pack-10-mascarillas-faciales-ffp3-blancas\/"},"modified":"2021-06-23T16:15:45","modified_gmt":"2021-06-23T16:15:45","slug":"pack-10-mascarillas-faciales-ffp3-blancas","status":"publish","type":"product","link":"https:\/\/server.idssoft.net\/idsdemo\/producto\/pack-10-mascarillas-faciales-ffp3-blancas\/","title":{"rendered":"PACK 10 MASCARILLAS FACIALES FFP3 BLANCAS"},"content":{"rendered":"<p>Las mascarillas FFP3 en cumplimiento con la normativa UNE-EN 149:2001+A1:2009, CE 0099, filtran al menos el 98% de las part\u00edculas que se encuentran en el aire, protegiendo as\u00ed las v\u00edas respiratorias y no permitiendo que pasen humos y polvos con bas<\/p>\n","protected":false},"excerpt":{"rendered":"<p>Las mascarillas FFP3 en cumplimiento con la normativa UNE-EN 149:2001+A1:2009, CE 0099, filtran al menos el 98% de las part\u00edculas que se encuentran en el aire, protegiendo as\u00ed las v\u00edas respiratorias y no permitiendo que pasen humos y polvos con bas<\/p>\n","protected":false},"featured_media":16497,"comment_status":"open","ping_status":"closed","template":"","meta":[],"product_cat":[649],"product_tag":[],"class_list":["post-16498","product","type-product","status-publish","has-post-thumbnail","hentry","product_cat-mascarillas-pantallas","thunk-woo-product-list","opn-qv-enable","top-store-woo-hover-","top-store-single-product-tab-horizontal","top-store-shadow-","top-store-shadow-hover-"],"_links":{"self":[{"href":"https:\/\/server.idssoft.net\/idsdemo\/wp-json\/wp\/v2\/product\/16498","targetHints":{"allow":["GET"]}}],"collection":[{"href":"https:\/\/server.idssoft.net\/idsdemo\/wp-json\/wp\/v2\/product"}],"about":[{"href":"https:\/\/server.idssoft.net\/idsdemo\/wp-json\/wp\/v2\/types\/product"}],"replies":[{"embeddable":true,"href":"https:\/\/server.idssoft.net\/idsdemo\/wp-json\/wp\/v2\/comments?post=16498"}],"wp:featuredmedia":[{"embeddable":true,"href":"https:\/\/server.idssoft.net\/idsdemo\/wp-json\/wp\/v2\/media\/16497"}],"wp:attachment":[{"href":"https:\/\/server.idssoft.net\/idsdemo\/wp-json\/wp\/v2\/media?parent=16498"}],"wp:term":[{"taxonomy":"product_cat","embeddable":true,"href":"https:\/\/server.idssoft.net\/idsdemo\/wp-json\/wp\/v2\/product_cat?post=16498"},{"taxonomy":"product_tag","embeddable":true,"href":"https:\/\/server.idssoft.net\/idsdemo\/wp-json\/wp\/v2\/product_tag?post=16498"}],"curies":[{"name":"wp","href":"https:\/\/api.w.org\/{rel}","templated":true}]}}