{"id":16504,"date":"2021-06-23T16:15:55","date_gmt":"2021-06-23T16:15:55","guid":{"rendered":"https:\/\/server.idssoft.net\/idsdemo\/producto\/silla-plegable-de-madera-de-haya-barnizada-negra\/"},"modified":"2021-06-23T16:15:55","modified_gmt":"2021-06-23T16:15:55","slug":"silla-plegable-de-madera-de-haya-barnizada-negra","status":"publish","type":"product","link":"https:\/\/server.idssoft.net\/idsdemo\/producto\/silla-plegable-de-madera-de-haya-barnizada-negra\/","title":{"rendered":"SILLA PLEGABLE DE MADERA DE HAYA BARNIZADA NEGRA"},"content":{"rendered":"<p>Silla Plegable Haya Barnizada Buiani, la elecci\u00f3n perfecta para espacios de tama\u00f1o reducido. Indicada tanto para uso en interior como exterior. Gracias a su c\u00f3modo dise\u00f1o plegable podr\u00e1s ampliar<br \/>asientos cuando tengas visita en casa y ahorra<\/p>\n","protected":false},"excerpt":{"rendered":"<p>Silla Plegable Haya Barnizada Buiani, la elecci\u00f3n perfecta para espacios de tama\u00f1o reducido. Indicada tanto para uso en interior como exterior. Gracias a su c\u00f3modo dise\u00f1o plegable podr\u00e1s ampliarasientos cuando tengas visita en casa y ahorra<\/p>\n","protected":false},"featured_media":16502,"comment_status":"open","ping_status":"closed","template":"","meta":[],"product_cat":[533],"product_tag":[],"class_list":["post-16504","product","type-product","status-publish","has-post-thumbnail","hentry","product_cat-sillas","thunk-woo-product-list","opn-qv-enable","top-store-woo-hover-","top-store-single-product-tab-horizontal","top-store-shadow-","top-store-shadow-hover-"],"_links":{"self":[{"href":"https:\/\/server.idssoft.net\/idsdemo\/wp-json\/wp\/v2\/product\/16504","targetHints":{"allow":["GET"]}}],"collection":[{"href":"https:\/\/server.idssoft.net\/idsdemo\/wp-json\/wp\/v2\/product"}],"about":[{"href":"https:\/\/server.idssoft.net\/idsdemo\/wp-json\/wp\/v2\/types\/product"}],"replies":[{"embeddable":true,"href":"https:\/\/server.idssoft.net\/idsdemo\/wp-json\/wp\/v2\/comments?post=16504"}],"wp:featuredmedia":[{"embeddable":true,"href":"https:\/\/server.idssoft.net\/idsdemo\/wp-json\/wp\/v2\/media\/16502"}],"wp:attachment":[{"href":"https:\/\/server.idssoft.net\/idsdemo\/wp-json\/wp\/v2\/media?parent=16504"}],"wp:term":[{"taxonomy":"product_cat","embeddable":true,"href":"https:\/\/server.idssoft.net\/idsdemo\/wp-json\/wp\/v2\/product_cat?post=16504"},{"taxonomy":"product_tag","embeddable":true,"href":"https:\/\/server.idssoft.net\/idsdemo\/wp-json\/wp\/v2\/product_tag?post=16504"}],"curies":[{"name":"wp","href":"https:\/\/api.w.org\/{rel}","templated":true}]}}