{"id":16535,"date":"2021-06-23T16:17:04","date_gmt":"2021-06-23T16:17:04","guid":{"rendered":"https:\/\/server.idssoft.net\/idsdemo\/producto\/raton-inalambrico-1600dpi-recargable-usb-c-zaya-azul-trust\/"},"modified":"2021-06-23T16:17:04","modified_gmt":"2021-06-23T16:17:04","slug":"raton-inalambrico-1600dpi-recargable-usb-c-zaya-azul-trust","status":"publish","type":"product","link":"https:\/\/server.idssoft.net\/idsdemo\/producto\/raton-inalambrico-1600dpi-recargable-usb-c-zaya-azul-trust\/","title":{"rendered":"RATON INALAMBRICO 1600DPI RECARGABLE USB-C ZAYA AZUL TRUST"},"content":{"rendered":"<p>Caracter\u00edsticas<br \/>Conecta el rat\u00f3n de forma inal\u00e1mbrica al PC o port\u00e1til<br \/>Respetuoso con el medio ambiente: sin necesidad de bater\u00edas gracias a su bater\u00eda recargable integrada<br \/>Microrreceptor USB; se puede almacenar en el rat\u00f3n<\/p>\n","protected":false},"excerpt":{"rendered":"<p>Caracter\u00edsticasConecta el rat\u00f3n de forma inal\u00e1mbrica al PC o port\u00e1tilRespetuoso con el medio ambiente: sin necesidad de bater\u00edas gracias a su bater\u00eda recargable integradaMicrorreceptor USB; se puede almacenar en el rat\u00f3n<\/p>\n","protected":false},"featured_media":16534,"comment_status":"open","ping_status":"closed","template":"","meta":[],"product_cat":[480],"product_tag":[],"class_list":["post-16535","product","type-product","status-publish","has-post-thumbnail","hentry","product_cat-ratones","thunk-woo-product-list","opn-qv-enable","top-store-woo-hover-","top-store-single-product-tab-horizontal","top-store-shadow-","top-store-shadow-hover-"],"_links":{"self":[{"href":"https:\/\/server.idssoft.net\/idsdemo\/wp-json\/wp\/v2\/product\/16535","targetHints":{"allow":["GET"]}}],"collection":[{"href":"https:\/\/server.idssoft.net\/idsdemo\/wp-json\/wp\/v2\/product"}],"about":[{"href":"https:\/\/server.idssoft.net\/idsdemo\/wp-json\/wp\/v2\/types\/product"}],"replies":[{"embeddable":true,"href":"https:\/\/server.idssoft.net\/idsdemo\/wp-json\/wp\/v2\/comments?post=16535"}],"wp:featuredmedia":[{"embeddable":true,"href":"https:\/\/server.idssoft.net\/idsdemo\/wp-json\/wp\/v2\/media\/16534"}],"wp:attachment":[{"href":"https:\/\/server.idssoft.net\/idsdemo\/wp-json\/wp\/v2\/media?parent=16535"}],"wp:term":[{"taxonomy":"product_cat","embeddable":true,"href":"https:\/\/server.idssoft.net\/idsdemo\/wp-json\/wp\/v2\/product_cat?post=16535"},{"taxonomy":"product_tag","embeddable":true,"href":"https:\/\/server.idssoft.net\/idsdemo\/wp-json\/wp\/v2\/product_tag?post=16535"}],"curies":[{"name":"wp","href":"https:\/\/api.w.org\/{rel}","templated":true}]}}