{"id":16613,"date":"2021-06-23T16:19:48","date_gmt":"2021-06-23T16:19:48","guid":{"rendered":"https:\/\/server.idssoft.net\/idsdemo\/producto\/regleta-cubo-3-shuko-3-sub-blanco-ewent\/"},"modified":"2021-06-23T16:19:48","modified_gmt":"2021-06-23T16:19:48","slug":"regleta-cubo-3-shuko-3-sub-blanco-ewent","status":"publish","type":"product","link":"https:\/\/server.idssoft.net\/idsdemo\/producto\/regleta-cubo-3-shuko-3-sub-blanco-ewent\/","title":{"rendered":"REGLETA CUBO 3 SHUKO+ 3 SUB BLANCO EWENT"},"content":{"rendered":"<p>&#8211; Tres salidas de alimentaci\u00f3n y tres puertos USB (m\u00e1x 2,4A) para cargar tablets y tel\u00e9fonos inteligentes<br \/>&#8211; Posibilidad de habilitar y deshabilitar todas las salidas de alimentaci\u00f3n y puertos USB a la vez<br \/>&#8211; Dise\u00f1o c\u00fabico que ahorra esp<\/p>\n","protected":false},"excerpt":{"rendered":"<p>&#8211; Tres salidas de alimentaci\u00f3n y tres puertos USB (m\u00e1x 2,4A) para cargar tablets y tel\u00e9fonos inteligentes&#8211; Posibilidad de habilitar y deshabilitar todas las salidas de alimentaci\u00f3n y puertos USB a la vez&#8211; Dise\u00f1o c\u00fabico que ahorra esp<\/p>\n","protected":false},"featured_media":16611,"comment_status":"open","ping_status":"closed","template":"","meta":[],"product_cat":[603],"product_tag":[],"class_list":["post-16613","product","type-product","status-publish","has-post-thumbnail","hentry","product_cat-bases-multiples-adaptadores","thunk-woo-product-list","opn-qv-enable","top-store-woo-hover-","top-store-single-product-tab-horizontal","top-store-shadow-","top-store-shadow-hover-"],"_links":{"self":[{"href":"https:\/\/server.idssoft.net\/idsdemo\/wp-json\/wp\/v2\/product\/16613","targetHints":{"allow":["GET"]}}],"collection":[{"href":"https:\/\/server.idssoft.net\/idsdemo\/wp-json\/wp\/v2\/product"}],"about":[{"href":"https:\/\/server.idssoft.net\/idsdemo\/wp-json\/wp\/v2\/types\/product"}],"replies":[{"embeddable":true,"href":"https:\/\/server.idssoft.net\/idsdemo\/wp-json\/wp\/v2\/comments?post=16613"}],"wp:featuredmedia":[{"embeddable":true,"href":"https:\/\/server.idssoft.net\/idsdemo\/wp-json\/wp\/v2\/media\/16611"}],"wp:attachment":[{"href":"https:\/\/server.idssoft.net\/idsdemo\/wp-json\/wp\/v2\/media?parent=16613"}],"wp:term":[{"taxonomy":"product_cat","embeddable":true,"href":"https:\/\/server.idssoft.net\/idsdemo\/wp-json\/wp\/v2\/product_cat?post=16613"},{"taxonomy":"product_tag","embeddable":true,"href":"https:\/\/server.idssoft.net\/idsdemo\/wp-json\/wp\/v2\/product_tag?post=16613"}],"curies":[{"name":"wp","href":"https:\/\/api.w.org\/{rel}","templated":true}]}}