{"id":16675,"date":"2021-06-23T16:21:58","date_gmt":"2021-06-23T16:21:58","guid":{"rendered":"https:\/\/server.idssoft.net\/idsdemo\/producto\/altavoces-2-0-bluetooth-arva-20w-rgb-arva-trust\/"},"modified":"2021-06-23T16:21:58","modified_gmt":"2021-06-23T16:21:58","slug":"altavoces-2-0-bluetooth-arva-20w-rgb-arva-trust","status":"publish","type":"product","link":"https:\/\/server.idssoft.net\/idsdemo\/producto\/altavoces-2-0-bluetooth-arva-20w-rgb-arva-trust\/","title":{"rendered":"ALTAVOCES 2.0 BLUETOOTH ARVA 20W RGB ARVA TRUST"},"content":{"rendered":"<p>Juego de altavoces est\u00e9reo con sonido n\u00edtido (potencia m\u00e1xima de 20 W)<br \/>Iluminaci\u00f3n LED RGB con ciclo de colores automatizado<br \/>Se puede conectar de forma inal\u00e1mbrica el tel\u00e9fono o la tableta mediante Bluetooth, o el PC o el port\u00e1til med<\/p>\n","protected":false},"excerpt":{"rendered":"<p>Juego de altavoces est\u00e9reo con sonido n\u00edtido (potencia m\u00e1xima de 20 W)Iluminaci\u00f3n LED RGB con ciclo de colores automatizadoSe puede conectar de forma inal\u00e1mbrica el tel\u00e9fono o la tableta mediante Bluetooth, o el PC o el port\u00e1til med<\/p>\n","protected":false},"featured_media":16674,"comment_status":"open","ping_status":"closed","template":"","meta":[],"product_cat":[472],"product_tag":[],"class_list":["post-16675","product","type-product","status-publish","has-post-thumbnail","hentry","product_cat-altavoces-bluetooth","thunk-woo-product-list","opn-qv-enable","top-store-woo-hover-","top-store-single-product-tab-horizontal","top-store-shadow-","top-store-shadow-hover-"],"_links":{"self":[{"href":"https:\/\/server.idssoft.net\/idsdemo\/wp-json\/wp\/v2\/product\/16675","targetHints":{"allow":["GET"]}}],"collection":[{"href":"https:\/\/server.idssoft.net\/idsdemo\/wp-json\/wp\/v2\/product"}],"about":[{"href":"https:\/\/server.idssoft.net\/idsdemo\/wp-json\/wp\/v2\/types\/product"}],"replies":[{"embeddable":true,"href":"https:\/\/server.idssoft.net\/idsdemo\/wp-json\/wp\/v2\/comments?post=16675"}],"wp:featuredmedia":[{"embeddable":true,"href":"https:\/\/server.idssoft.net\/idsdemo\/wp-json\/wp\/v2\/media\/16674"}],"wp:attachment":[{"href":"https:\/\/server.idssoft.net\/idsdemo\/wp-json\/wp\/v2\/media?parent=16675"}],"wp:term":[{"taxonomy":"product_cat","embeddable":true,"href":"https:\/\/server.idssoft.net\/idsdemo\/wp-json\/wp\/v2\/product_cat?post=16675"},{"taxonomy":"product_tag","embeddable":true,"href":"https:\/\/server.idssoft.net\/idsdemo\/wp-json\/wp\/v2\/product_tag?post=16675"}],"curies":[{"name":"wp","href":"https:\/\/api.w.org\/{rel}","templated":true}]}}