{"id":16677,"date":"2021-06-23T16:22:02","date_gmt":"2021-06-23T16:22:02","guid":{"rendered":"https:\/\/server.idssoft.net\/idsdemo\/producto\/microfono-varilla-flexible-gtx-239-nepa-trust\/"},"modified":"2021-06-23T16:22:02","modified_gmt":"2021-06-23T16:22:02","slug":"microfono-varilla-flexible-gtx-239-nepa-trust","status":"publish","type":"product","link":"https:\/\/server.idssoft.net\/idsdemo\/producto\/microfono-varilla-flexible-gtx-239-nepa-trust\/","title":{"rendered":"MICROFONO VARILLA FLEXIBLE GTX 239 NEPA TRUST"},"content":{"rendered":"<p>Cuello de micr\u00f3fono flexible<br \/>Bot\u00f3n de silencio de f\u00e1cil acceso<br \/>Ideal para uso con Twitch, YouTube o chats de voz durante el juego<br \/>Gran base antideslizante para mayor estabilidad<br \/>Cable de 1,7 m con conexi\u00f3n de micr\u00f3fono de 3,5<\/p>\n","protected":false},"excerpt":{"rendered":"<p>Cuello de micr\u00f3fono flexibleBot\u00f3n de silencio de f\u00e1cil accesoIdeal para uso con Twitch, YouTube o chats de voz durante el juegoGran base antideslizante para mayor estabilidadCable de 1,7 m con conexi\u00f3n de micr\u00f3fono de 3,5<\/p>\n","protected":false},"featured_media":16676,"comment_status":"open","ping_status":"closed","template":"","meta":[],"product_cat":[475],"product_tag":[],"class_list":["post-16677","product","type-product","status-publish","has-post-thumbnail","hentry","product_cat-microfonos","thunk-woo-product-list","opn-qv-enable","top-store-woo-hover-","top-store-single-product-tab-horizontal","top-store-shadow-","top-store-shadow-hover-"],"_links":{"self":[{"href":"https:\/\/server.idssoft.net\/idsdemo\/wp-json\/wp\/v2\/product\/16677","targetHints":{"allow":["GET"]}}],"collection":[{"href":"https:\/\/server.idssoft.net\/idsdemo\/wp-json\/wp\/v2\/product"}],"about":[{"href":"https:\/\/server.idssoft.net\/idsdemo\/wp-json\/wp\/v2\/types\/product"}],"replies":[{"embeddable":true,"href":"https:\/\/server.idssoft.net\/idsdemo\/wp-json\/wp\/v2\/comments?post=16677"}],"wp:featuredmedia":[{"embeddable":true,"href":"https:\/\/server.idssoft.net\/idsdemo\/wp-json\/wp\/v2\/media\/16676"}],"wp:attachment":[{"href":"https:\/\/server.idssoft.net\/idsdemo\/wp-json\/wp\/v2\/media?parent=16677"}],"wp:term":[{"taxonomy":"product_cat","embeddable":true,"href":"https:\/\/server.idssoft.net\/idsdemo\/wp-json\/wp\/v2\/product_cat?post=16677"},{"taxonomy":"product_tag","embeddable":true,"href":"https:\/\/server.idssoft.net\/idsdemo\/wp-json\/wp\/v2\/product_tag?post=16677"}],"curies":[{"name":"wp","href":"https:\/\/api.w.org\/{rel}","templated":true}]}}