{"id":16692,"date":"2021-06-23T16:22:39","date_gmt":"2021-06-23T16:22:39","guid":{"rendered":"https:\/\/server.idssoft.net\/idsdemo\/producto\/mochila-para-portatil-resistente-al-agua-hasta-15-6-hp-negro\/"},"modified":"2021-06-23T16:22:39","modified_gmt":"2021-06-23T16:22:39","slug":"mochila-para-portatil-resistente-al-agua-hasta-15-6-hp-negro","status":"publish","type":"product","link":"https:\/\/server.idssoft.net\/idsdemo\/producto\/mochila-para-portatil-resistente-al-agua-hasta-15-6-hp-negro\/","title":{"rendered":"MOCHILA PARA PORTATIL RESISTENTE AL AGUA HASTA 15.6 HP NEGRO"},"content":{"rendered":"<p>-Color del producto: Negro<br \/>-Coloraci\u00f3n: Mon\u00f3tono<br \/>-Compartimento del port\u00e1til: Si<br \/>-Tama\u00f1o m\u00e1ximo de pantalla: 39,6 cm (15.6&#034;)<br \/>-Bolsillos Interiores: Si<br \/>-Agarradera(s): Si<\/p>\n<p>Peso y dimensiones:<\/p>\n<p>-Ancho: 440 m<\/p>\n","protected":false},"excerpt":{"rendered":"<p>-Color del producto: Negro-Coloraci\u00f3n: Mon\u00f3tono-Compartimento del port\u00e1til: Si-Tama\u00f1o m\u00e1ximo de pantalla: 39,6 cm (15.6&#034;)-Bolsillos Interiores: Si-Agarradera(s): Si Peso y dimensiones: -Ancho: 440 m<\/p>\n","protected":false},"featured_media":16690,"comment_status":"open","ping_status":"closed","template":"","meta":[],"product_cat":[484],"product_tag":[],"class_list":["post-16692","product","type-product","status-publish","has-post-thumbnail","hentry","product_cat-accesorios-para-portatiles","thunk-woo-product-list","opn-qv-enable","top-store-woo-hover-","top-store-single-product-tab-horizontal","top-store-shadow-","top-store-shadow-hover-"],"_links":{"self":[{"href":"https:\/\/server.idssoft.net\/idsdemo\/wp-json\/wp\/v2\/product\/16692","targetHints":{"allow":["GET"]}}],"collection":[{"href":"https:\/\/server.idssoft.net\/idsdemo\/wp-json\/wp\/v2\/product"}],"about":[{"href":"https:\/\/server.idssoft.net\/idsdemo\/wp-json\/wp\/v2\/types\/product"}],"replies":[{"embeddable":true,"href":"https:\/\/server.idssoft.net\/idsdemo\/wp-json\/wp\/v2\/comments?post=16692"}],"wp:featuredmedia":[{"embeddable":true,"href":"https:\/\/server.idssoft.net\/idsdemo\/wp-json\/wp\/v2\/media\/16690"}],"wp:attachment":[{"href":"https:\/\/server.idssoft.net\/idsdemo\/wp-json\/wp\/v2\/media?parent=16692"}],"wp:term":[{"taxonomy":"product_cat","embeddable":true,"href":"https:\/\/server.idssoft.net\/idsdemo\/wp-json\/wp\/v2\/product_cat?post=16692"},{"taxonomy":"product_tag","embeddable":true,"href":"https:\/\/server.idssoft.net\/idsdemo\/wp-json\/wp\/v2\/product_tag?post=16692"}],"curies":[{"name":"wp","href":"https:\/\/api.w.org\/{rel}","templated":true}]}}