{"id":16700,"date":"2021-06-23T16:22:55","date_gmt":"2021-06-23T16:22:55","guid":{"rendered":"https:\/\/server.idssoft.net\/idsdemo\/producto\/gofrera-1000w-wl1500-orbegozo\/"},"modified":"2021-06-23T16:22:55","modified_gmt":"2021-06-23T16:22:55","slug":"gofrera-1000w-wl1500-orbegozo","status":"publish","type":"product","link":"https:\/\/server.idssoft.net\/idsdemo\/producto\/gofrera-1000w-wl1500-orbegozo\/","title":{"rendered":"GOFRERA 1000W WL1500 ORBEGOZO"},"content":{"rendered":"<p>Potencia: 1000 W.<br \/>F\u00e1cil de usar.<br \/>R\u00e1pido: 1 gofre grande o 5 gofres peque\u00f1os en menos de 3 minutos.<br \/>Termostato ajustable de temperatura para controlar el nivel de tostado.<br \/>Recubrimiento antiadherente f\u00e1cil de limpiar.<br \/>Base<\/p>\n","protected":false},"excerpt":{"rendered":"<p>Potencia: 1000 W.F\u00e1cil de usar.R\u00e1pido: 1 gofre grande o 5 gofres peque\u00f1os en menos de 3 minutos.Termostato ajustable de temperatura para controlar el nivel de tostado.Recubrimiento antiadherente f\u00e1cil de limpiar.Base<\/p>\n","protected":false},"featured_media":16699,"comment_status":"open","ping_status":"closed","template":"","meta":[],"product_cat":[515],"product_tag":[],"class_list":["post-16700","product","type-product","status-publish","has-post-thumbnail","hentry","product_cat-funcooking","thunk-woo-product-list","opn-qv-enable","top-store-woo-hover-","top-store-single-product-tab-horizontal","top-store-shadow-","top-store-shadow-hover-"],"_links":{"self":[{"href":"https:\/\/server.idssoft.net\/idsdemo\/wp-json\/wp\/v2\/product\/16700","targetHints":{"allow":["GET"]}}],"collection":[{"href":"https:\/\/server.idssoft.net\/idsdemo\/wp-json\/wp\/v2\/product"}],"about":[{"href":"https:\/\/server.idssoft.net\/idsdemo\/wp-json\/wp\/v2\/types\/product"}],"replies":[{"embeddable":true,"href":"https:\/\/server.idssoft.net\/idsdemo\/wp-json\/wp\/v2\/comments?post=16700"}],"wp:featuredmedia":[{"embeddable":true,"href":"https:\/\/server.idssoft.net\/idsdemo\/wp-json\/wp\/v2\/media\/16699"}],"wp:attachment":[{"href":"https:\/\/server.idssoft.net\/idsdemo\/wp-json\/wp\/v2\/media?parent=16700"}],"wp:term":[{"taxonomy":"product_cat","embeddable":true,"href":"https:\/\/server.idssoft.net\/idsdemo\/wp-json\/wp\/v2\/product_cat?post=16700"},{"taxonomy":"product_tag","embeddable":true,"href":"https:\/\/server.idssoft.net\/idsdemo\/wp-json\/wp\/v2\/product_tag?post=16700"}],"curies":[{"name":"wp","href":"https:\/\/api.w.org\/{rel}","templated":true}]}}