{"id":16702,"date":"2021-06-23T16:23:01","date_gmt":"2021-06-23T16:23:01","guid":{"rendered":"https:\/\/server.idssoft.net\/idsdemo\/producto\/enchufe-dual-inteligente-wifi-clever-spc\/"},"modified":"2021-06-23T16:23:01","modified_gmt":"2021-06-23T16:23:01","slug":"enchufe-dual-inteligente-wifi-clever-spc","status":"publish","type":"product","link":"https:\/\/server.idssoft.net\/idsdemo\/producto\/enchufe-dual-inteligente-wifi-clever-spc\/","title":{"rendered":"ENCHUFE DUAL INTELIGENTE WIFI  CLEVER SPC"},"content":{"rendered":"<p>Especificaciones<br \/>Wifi 2.4GHz.<br \/>Fuente de alimentaci\u00f3n 230V.<br \/>Potencia m\u00e1xima: 3680W.<br \/>Dimensiones: L105xAlt50xA44 mm.<br \/>Contenido de la caja: enchufe inteligente y gu\u00eda r\u00e1pida.<br \/>Compatible con <br \/>Android.<br \/>IOS.<\/p>\n","protected":false},"excerpt":{"rendered":"<p>EspecificacionesWifi 2.4GHz.Fuente de alimentaci\u00f3n 230V.Potencia m\u00e1xima: 3680W.Dimensiones: L105xAlt50xA44 mm.Contenido de la caja: enchufe inteligente y gu\u00eda r\u00e1pida.Compatible con Android.IOS.<\/p>\n","protected":false},"featured_media":16701,"comment_status":"open","ping_status":"closed","template":"","meta":[],"product_cat":[603],"product_tag":[],"class_list":["post-16702","product","type-product","status-publish","has-post-thumbnail","hentry","product_cat-bases-multiples-adaptadores","thunk-woo-product-list","opn-qv-enable","top-store-woo-hover-","top-store-single-product-tab-horizontal","top-store-shadow-","top-store-shadow-hover-"],"_links":{"self":[{"href":"https:\/\/server.idssoft.net\/idsdemo\/wp-json\/wp\/v2\/product\/16702","targetHints":{"allow":["GET"]}}],"collection":[{"href":"https:\/\/server.idssoft.net\/idsdemo\/wp-json\/wp\/v2\/product"}],"about":[{"href":"https:\/\/server.idssoft.net\/idsdemo\/wp-json\/wp\/v2\/types\/product"}],"replies":[{"embeddable":true,"href":"https:\/\/server.idssoft.net\/idsdemo\/wp-json\/wp\/v2\/comments?post=16702"}],"wp:featuredmedia":[{"embeddable":true,"href":"https:\/\/server.idssoft.net\/idsdemo\/wp-json\/wp\/v2\/media\/16701"}],"wp:attachment":[{"href":"https:\/\/server.idssoft.net\/idsdemo\/wp-json\/wp\/v2\/media?parent=16702"}],"wp:term":[{"taxonomy":"product_cat","embeddable":true,"href":"https:\/\/server.idssoft.net\/idsdemo\/wp-json\/wp\/v2\/product_cat?post=16702"},{"taxonomy":"product_tag","embeddable":true,"href":"https:\/\/server.idssoft.net\/idsdemo\/wp-json\/wp\/v2\/product_tag?post=16702"}],"curies":[{"name":"wp","href":"https:\/\/api.w.org\/{rel}","templated":true}]}}