{"id":16706,"date":"2021-06-23T16:23:11","date_gmt":"2021-06-23T16:23:11","guid":{"rendered":"https:\/\/server.idssoft.net\/idsdemo\/producto\/regleta-6-tomas-con-interruptor-cable-3-mts-ewent\/"},"modified":"2021-06-23T16:23:11","modified_gmt":"2021-06-23T16:23:11","slug":"regleta-6-tomas-con-interruptor-cable-3-mts-ewent","status":"publish","type":"product","link":"https:\/\/server.idssoft.net\/idsdemo\/producto\/regleta-6-tomas-con-interruptor-cable-3-mts-ewent\/","title":{"rendered":"REGLETA 6 TOMAS CON INTERRUPTOR CABLE 3 MTS EWENT"},"content":{"rendered":"<p>&#8211; Potencia: max 3500W<br \/>&#8211; Salidas: 6 Universal Tipo F CEE 7\/4 Italiano Tipo L 45 grados de \u00e1ngulo<br \/>&#8211; Protecci\u00f3n infantil: S\u00ed<br \/>&#8211; Cambiar con luz: s\u00ed<br \/>&#8211; Cambiar: s\u00ed<br \/>&#8211; Montaje de pared: S\u00ed<br \/>&#8211; Protecci\u00f3n: protecci\u00f3n contra<\/p>\n","protected":false},"excerpt":{"rendered":"<p>&#8211; Potencia: max 3500W&#8211; Salidas: 6 Universal Tipo F CEE 7\/4 Italiano Tipo L 45 grados de \u00e1ngulo&#8211; Protecci\u00f3n infantil: S\u00ed&#8211; Cambiar con luz: s\u00ed&#8211; Cambiar: s\u00ed&#8211; Montaje de pared: S\u00ed&#8211; Protecci\u00f3n: protecci\u00f3n contra<\/p>\n","protected":false},"featured_media":16705,"comment_status":"open","ping_status":"closed","template":"","meta":[],"product_cat":[603],"product_tag":[],"class_list":["post-16706","product","type-product","status-publish","has-post-thumbnail","hentry","product_cat-bases-multiples-adaptadores","thunk-woo-product-list","opn-qv-enable","top-store-woo-hover-","top-store-single-product-tab-horizontal","top-store-shadow-","top-store-shadow-hover-"],"_links":{"self":[{"href":"https:\/\/server.idssoft.net\/idsdemo\/wp-json\/wp\/v2\/product\/16706","targetHints":{"allow":["GET"]}}],"collection":[{"href":"https:\/\/server.idssoft.net\/idsdemo\/wp-json\/wp\/v2\/product"}],"about":[{"href":"https:\/\/server.idssoft.net\/idsdemo\/wp-json\/wp\/v2\/types\/product"}],"replies":[{"embeddable":true,"href":"https:\/\/server.idssoft.net\/idsdemo\/wp-json\/wp\/v2\/comments?post=16706"}],"wp:featuredmedia":[{"embeddable":true,"href":"https:\/\/server.idssoft.net\/idsdemo\/wp-json\/wp\/v2\/media\/16705"}],"wp:attachment":[{"href":"https:\/\/server.idssoft.net\/idsdemo\/wp-json\/wp\/v2\/media?parent=16706"}],"wp:term":[{"taxonomy":"product_cat","embeddable":true,"href":"https:\/\/server.idssoft.net\/idsdemo\/wp-json\/wp\/v2\/product_cat?post=16706"},{"taxonomy":"product_tag","embeddable":true,"href":"https:\/\/server.idssoft.net\/idsdemo\/wp-json\/wp\/v2\/product_tag?post=16706"}],"curies":[{"name":"wp","href":"https:\/\/api.w.org\/{rel}","templated":true}]}}