{"id":16717,"date":"2021-06-23T16:23:36","date_gmt":"2021-06-23T16:23:36","guid":{"rendered":"https:\/\/server.idssoft.net\/idsdemo\/producto\/plancha-vertical-vsi601-blaupunkt\/"},"modified":"2021-06-23T16:23:36","modified_gmt":"2021-06-23T16:23:36","slug":"plancha-vertical-vsi601-blaupunkt","status":"publish","type":"product","link":"https:\/\/server.idssoft.net\/idsdemo\/producto\/plancha-vertical-vsi601-blaupunkt\/","title":{"rendered":"PLANCHA VERTICAL VSI601 BLAUPUNKT"},"content":{"rendered":"<p>El vaporizador es muy f\u00e1cil de usar. Basta con llenar el tanque de agua, encender el dispositivo con un bot\u00f3n y, despu\u00e9s de un proceso de calentamiento r\u00e1pido de un minuto, comenzar a planchar. La conveniencia de la operaci\u00f3n se complementa con u<\/p>\n","protected":false},"excerpt":{"rendered":"<p>El vaporizador es muy f\u00e1cil de usar. Basta con llenar el tanque de agua, encender el dispositivo con un bot\u00f3n y, despu\u00e9s de un proceso de calentamiento r\u00e1pido de un minuto, comenzar a planchar. La conveniencia de la operaci\u00f3n se complementa con u<\/p>\n","protected":false},"featured_media":16716,"comment_status":"open","ping_status":"closed","template":"","meta":[],"product_cat":[574],"product_tag":[],"class_list":["post-16717","product","type-product","status-publish","has-post-thumbnail","hentry","product_cat-plancha-vapor-quitapelusas","thunk-woo-product-list","opn-qv-enable","top-store-woo-hover-","top-store-single-product-tab-horizontal","top-store-shadow-","top-store-shadow-hover-"],"_links":{"self":[{"href":"https:\/\/server.idssoft.net\/idsdemo\/wp-json\/wp\/v2\/product\/16717","targetHints":{"allow":["GET"]}}],"collection":[{"href":"https:\/\/server.idssoft.net\/idsdemo\/wp-json\/wp\/v2\/product"}],"about":[{"href":"https:\/\/server.idssoft.net\/idsdemo\/wp-json\/wp\/v2\/types\/product"}],"replies":[{"embeddable":true,"href":"https:\/\/server.idssoft.net\/idsdemo\/wp-json\/wp\/v2\/comments?post=16717"}],"wp:featuredmedia":[{"embeddable":true,"href":"https:\/\/server.idssoft.net\/idsdemo\/wp-json\/wp\/v2\/media\/16716"}],"wp:attachment":[{"href":"https:\/\/server.idssoft.net\/idsdemo\/wp-json\/wp\/v2\/media?parent=16717"}],"wp:term":[{"taxonomy":"product_cat","embeddable":true,"href":"https:\/\/server.idssoft.net\/idsdemo\/wp-json\/wp\/v2\/product_cat?post=16717"},{"taxonomy":"product_tag","embeddable":true,"href":"https:\/\/server.idssoft.net\/idsdemo\/wp-json\/wp\/v2\/product_tag?post=16717"}],"curies":[{"name":"wp","href":"https:\/\/api.w.org\/{rel}","templated":true}]}}