{"id":16719,"date":"2021-06-23T16:23:41","date_gmt":"2021-06-23T16:23:41","guid":{"rendered":"https:\/\/server.idssoft.net\/idsdemo\/producto\/aspiradora-vertical-22-2v-vch601-roja-blautpunkt\/"},"modified":"2021-06-23T16:23:41","modified_gmt":"2021-06-23T16:23:41","slug":"aspiradora-vertical-22-2v-vch601-roja-blautpunkt","status":"publish","type":"product","link":"https:\/\/server.idssoft.net\/idsdemo\/producto\/aspiradora-vertical-22-2v-vch601-roja-blautpunkt\/","title":{"rendered":"ASPIRADORA VERTICAL 22.2V VCH601  ROJA BLAUTPUNKT"},"content":{"rendered":"<p>Hoy en d\u00eda, las aspiradoras son un elemento est\u00e1ndar del equipamiento de cualquier hogar. Desempe\u00f1an no solo una funci\u00f3n est\u00e9tica, ayudando a mantener el orden, sino sobre todo la salud, eliminando el polvo, los \u00e1caros, el polvo y otros contamin<\/p>\n","protected":false},"excerpt":{"rendered":"<p>Hoy en d\u00eda, las aspiradoras son un elemento est\u00e1ndar del equipamiento de cualquier hogar. Desempe\u00f1an no solo una funci\u00f3n est\u00e9tica, ayudando a mantener el orden, sino sobre todo la salud, eliminando el polvo, los \u00e1caros, el polvo y otros contamin<\/p>\n","protected":false},"featured_media":16718,"comment_status":"open","ping_status":"closed","template":"","meta":[],"product_cat":[511],"product_tag":[],"class_list":["post-16719","product","type-product","status-publish","has-post-thumbnail","hentry","product_cat-aspiradoras","thunk-woo-product-list","opn-qv-enable","top-store-woo-hover-","top-store-single-product-tab-horizontal","top-store-shadow-","top-store-shadow-hover-"],"_links":{"self":[{"href":"https:\/\/server.idssoft.net\/idsdemo\/wp-json\/wp\/v2\/product\/16719","targetHints":{"allow":["GET"]}}],"collection":[{"href":"https:\/\/server.idssoft.net\/idsdemo\/wp-json\/wp\/v2\/product"}],"about":[{"href":"https:\/\/server.idssoft.net\/idsdemo\/wp-json\/wp\/v2\/types\/product"}],"replies":[{"embeddable":true,"href":"https:\/\/server.idssoft.net\/idsdemo\/wp-json\/wp\/v2\/comments?post=16719"}],"wp:featuredmedia":[{"embeddable":true,"href":"https:\/\/server.idssoft.net\/idsdemo\/wp-json\/wp\/v2\/media\/16718"}],"wp:attachment":[{"href":"https:\/\/server.idssoft.net\/idsdemo\/wp-json\/wp\/v2\/media?parent=16719"}],"wp:term":[{"taxonomy":"product_cat","embeddable":true,"href":"https:\/\/server.idssoft.net\/idsdemo\/wp-json\/wp\/v2\/product_cat?post=16719"},{"taxonomy":"product_tag","embeddable":true,"href":"https:\/\/server.idssoft.net\/idsdemo\/wp-json\/wp\/v2\/product_tag?post=16719"}],"curies":[{"name":"wp","href":"https:\/\/api.w.org\/{rel}","templated":true}]}}