{"id":16734,"date":"2021-06-23T16:24:11","date_gmt":"2021-06-23T16:24:11","guid":{"rendered":"https:\/\/server.idssoft.net\/idsdemo\/producto\/altavoz-bluetooth-bs-950-negro-toob30-negro-forever\/"},"modified":"2021-06-23T16:24:11","modified_gmt":"2021-06-23T16:24:11","slug":"altavoz-bluetooth-bs-950-negro-toob30-negro-forever","status":"publish","type":"product","link":"https:\/\/server.idssoft.net\/idsdemo\/producto\/altavoz-bluetooth-bs-950-negro-toob30-negro-forever\/","title":{"rendered":"ALTAVOZ BLUETOOTH BS-950 NEGRO TOOB30 NEGRO FOREVER"},"content":{"rendered":"<p>Bluetooth Forever Toob 30 BS-950 para smartphone se ha enriquecido con dos altavoces de alta calidad con una potencia total de 30W. Adem\u00e1s, proporcionan un sonido y unos graves expresivos. Apreciar\u00e1 especialmente la bater\u00eda eficiente con una capaci<\/p>\n","protected":false},"excerpt":{"rendered":"<p>Bluetooth Forever Toob 30 BS-950 para smartphone se ha enriquecido con dos altavoces de alta calidad con una potencia total de 30W. Adem\u00e1s, proporcionan un sonido y unos graves expresivos. Apreciar\u00e1 especialmente la bater\u00eda eficiente con una capaci<\/p>\n","protected":false},"featured_media":16732,"comment_status":"open","ping_status":"closed","template":"","meta":[],"product_cat":[472],"product_tag":[],"class_list":["post-16734","product","type-product","status-publish","has-post-thumbnail","hentry","product_cat-altavoces-bluetooth","thunk-woo-product-list","opn-qv-enable","top-store-woo-hover-","top-store-single-product-tab-horizontal","top-store-shadow-","top-store-shadow-hover-"],"_links":{"self":[{"href":"https:\/\/server.idssoft.net\/idsdemo\/wp-json\/wp\/v2\/product\/16734","targetHints":{"allow":["GET"]}}],"collection":[{"href":"https:\/\/server.idssoft.net\/idsdemo\/wp-json\/wp\/v2\/product"}],"about":[{"href":"https:\/\/server.idssoft.net\/idsdemo\/wp-json\/wp\/v2\/types\/product"}],"replies":[{"embeddable":true,"href":"https:\/\/server.idssoft.net\/idsdemo\/wp-json\/wp\/v2\/comments?post=16734"}],"wp:featuredmedia":[{"embeddable":true,"href":"https:\/\/server.idssoft.net\/idsdemo\/wp-json\/wp\/v2\/media\/16732"}],"wp:attachment":[{"href":"https:\/\/server.idssoft.net\/idsdemo\/wp-json\/wp\/v2\/media?parent=16734"}],"wp:term":[{"taxonomy":"product_cat","embeddable":true,"href":"https:\/\/server.idssoft.net\/idsdemo\/wp-json\/wp\/v2\/product_cat?post=16734"},{"taxonomy":"product_tag","embeddable":true,"href":"https:\/\/server.idssoft.net\/idsdemo\/wp-json\/wp\/v2\/product_tag?post=16734"}],"curies":[{"name":"wp","href":"https:\/\/api.w.org\/{rel}","templated":true}]}}