{"id":16739,"date":"2021-06-23T16:24:22","date_gmt":"2021-06-23T16:24:22","guid":{"rendered":"https:\/\/server.idssoft.net\/idsdemo\/producto\/altavoz-bluetooth-bs-800-5w-ipx7-blix-5-forever-negro\/"},"modified":"2021-06-23T16:24:22","modified_gmt":"2021-06-23T16:24:22","slug":"altavoz-bluetooth-bs-800-5w-ipx7-blix-5-forever-negro","status":"publish","type":"product","link":"https:\/\/server.idssoft.net\/idsdemo\/producto\/altavoz-bluetooth-bs-800-5w-ipx7-blix-5-forever-negro\/","title":{"rendered":"ALTAVOZ BLUETOOTH BS-800 5W IPX7 BLIX 5 FOREVER NEGRO"},"content":{"rendered":"<p>El altavoz inal\u00e1mbrico Forever Speaker Blix 5 BS-800 tiene una carcasa ergon\u00f3mica, duradera y liviana que cabe en cualquier mochila m\u00e1s peque\u00f1a. Est\u00e1 disponible en dos colores: negro y rojo. Impresiona por su apariencia moderna y elegante.<\/p>\n","protected":false},"excerpt":{"rendered":"<p>El altavoz inal\u00e1mbrico Forever Speaker Blix 5 BS-800 tiene una carcasa ergon\u00f3mica, duradera y liviana que cabe en cualquier mochila m\u00e1s peque\u00f1a. Est\u00e1 disponible en dos colores: negro y rojo. Impresiona por su apariencia moderna y elegante.<\/p>\n","protected":false},"featured_media":16737,"comment_status":"open","ping_status":"closed","template":"","meta":[],"product_cat":[472],"product_tag":[],"class_list":["post-16739","product","type-product","status-publish","has-post-thumbnail","hentry","product_cat-altavoces-bluetooth","thunk-woo-product-list","opn-qv-enable","top-store-woo-hover-","top-store-single-product-tab-horizontal","top-store-shadow-","top-store-shadow-hover-"],"_links":{"self":[{"href":"https:\/\/server.idssoft.net\/idsdemo\/wp-json\/wp\/v2\/product\/16739","targetHints":{"allow":["GET"]}}],"collection":[{"href":"https:\/\/server.idssoft.net\/idsdemo\/wp-json\/wp\/v2\/product"}],"about":[{"href":"https:\/\/server.idssoft.net\/idsdemo\/wp-json\/wp\/v2\/types\/product"}],"replies":[{"embeddable":true,"href":"https:\/\/server.idssoft.net\/idsdemo\/wp-json\/wp\/v2\/comments?post=16739"}],"wp:featuredmedia":[{"embeddable":true,"href":"https:\/\/server.idssoft.net\/idsdemo\/wp-json\/wp\/v2\/media\/16737"}],"wp:attachment":[{"href":"https:\/\/server.idssoft.net\/idsdemo\/wp-json\/wp\/v2\/media?parent=16739"}],"wp:term":[{"taxonomy":"product_cat","embeddable":true,"href":"https:\/\/server.idssoft.net\/idsdemo\/wp-json\/wp\/v2\/product_cat?post=16739"},{"taxonomy":"product_tag","embeddable":true,"href":"https:\/\/server.idssoft.net\/idsdemo\/wp-json\/wp\/v2\/product_tag?post=16739"}],"curies":[{"name":"wp","href":"https:\/\/api.w.org\/{rel}","templated":true}]}}