{"id":16751,"date":"2021-06-23T16:24:47","date_gmt":"2021-06-23T16:24:47","guid":{"rendered":"https:\/\/server.idssoft.net\/idsdemo\/producto\/camara-fotos-con-juegos-infantil-skc-100-azul-forever\/"},"modified":"2021-06-23T16:24:47","modified_gmt":"2021-06-23T16:24:47","slug":"camara-fotos-con-juegos-infantil-skc-100-azul-forever","status":"publish","type":"product","link":"https:\/\/server.idssoft.net\/idsdemo\/producto\/camara-fotos-con-juegos-infantil-skc-100-azul-forever\/","title":{"rendered":"CAMARA FOTOS  CON JUEGOS INFANTIL SKC-100 AZUL FOREVER"},"content":{"rendered":"<p>C\u00e1mara digital Forever SKC-100 Smile para ni\u00f1os con 5 juegos &#8211; HD, pantalla LCD de 2 &#034;<\/p>\n<p>Un regalo perfecto para tu peque\u00f1o: \u00a1la c\u00e1mara para ni\u00f1os Forever Smile con 5 juegos!<\/p>\n<p>\u00a1Lleva la diversi\u00f3n a la vida de tu hijo! La c\u00e1mara<\/p>\n","protected":false},"excerpt":{"rendered":"<p>C\u00e1mara digital Forever SKC-100 Smile para ni\u00f1os con 5 juegos &#8211; HD, pantalla LCD de 2 &#034; Un regalo perfecto para tu peque\u00f1o: \u00a1la c\u00e1mara para ni\u00f1os Forever Smile con 5 juegos! \u00a1Lleva la diversi\u00f3n a la vida de tu hijo! La c\u00e1mara<\/p>\n","protected":false},"featured_media":16749,"comment_status":"open","ping_status":"closed","template":"","meta":[],"product_cat":[565],"product_tag":[],"class_list":["post-16751","product","type-product","status-publish","has-post-thumbnail","hentry","product_cat-camaras-y-accesorios","thunk-woo-product-list","opn-qv-enable","top-store-woo-hover-","top-store-single-product-tab-horizontal","top-store-shadow-","top-store-shadow-hover-"],"_links":{"self":[{"href":"https:\/\/server.idssoft.net\/idsdemo\/wp-json\/wp\/v2\/product\/16751","targetHints":{"allow":["GET"]}}],"collection":[{"href":"https:\/\/server.idssoft.net\/idsdemo\/wp-json\/wp\/v2\/product"}],"about":[{"href":"https:\/\/server.idssoft.net\/idsdemo\/wp-json\/wp\/v2\/types\/product"}],"replies":[{"embeddable":true,"href":"https:\/\/server.idssoft.net\/idsdemo\/wp-json\/wp\/v2\/comments?post=16751"}],"wp:featuredmedia":[{"embeddable":true,"href":"https:\/\/server.idssoft.net\/idsdemo\/wp-json\/wp\/v2\/media\/16749"}],"wp:attachment":[{"href":"https:\/\/server.idssoft.net\/idsdemo\/wp-json\/wp\/v2\/media?parent=16751"}],"wp:term":[{"taxonomy":"product_cat","embeddable":true,"href":"https:\/\/server.idssoft.net\/idsdemo\/wp-json\/wp\/v2\/product_cat?post=16751"},{"taxonomy":"product_tag","embeddable":true,"href":"https:\/\/server.idssoft.net\/idsdemo\/wp-json\/wp\/v2\/product_tag?post=16751"}],"curies":[{"name":"wp","href":"https:\/\/api.w.org\/{rel}","templated":true}]}}