{"id":16768,"date":"2021-06-23T16:25:30","date_gmt":"2021-06-23T16:25:30","guid":{"rendered":"https:\/\/server.idssoft.net\/idsdemo\/producto\/extensor-remo-joca\/"},"modified":"2021-06-23T16:25:30","modified_gmt":"2021-06-23T16:25:30","slug":"extensor-remo-joca","status":"publish","type":"product","link":"https:\/\/server.idssoft.net\/idsdemo\/producto\/extensor-remo-joca\/","title":{"rendered":"EXTENSOR REMO JOCA"},"content":{"rendered":"<p>El extensor Jocca para ejercitar en casa es ideal para tonificar sus m\u00fasculos y conseguir una figura m\u00e1s esbelta. Flexible, de tacto suave y f\u00e1cil de utilizar. Al terminar los ejercicios lo puedes plegar y guardar sin problemas ya que ocupa muy poc<\/p>\n","protected":false},"excerpt":{"rendered":"<p>El extensor Jocca para ejercitar en casa es ideal para tonificar sus m\u00fasculos y conseguir una figura m\u00e1s esbelta. Flexible, de tacto suave y f\u00e1cil de utilizar. Al terminar los ejercicios lo puedes plegar y guardar sin problemas ya que ocupa muy poc<\/p>\n","protected":false},"featured_media":16766,"comment_status":"open","ping_status":"closed","template":"","meta":[],"product_cat":[583],"product_tag":[],"class_list":["post-16768","product","type-product","status-publish","has-post-thumbnail","hentry","product_cat-ejercicio-muscular","thunk-woo-product-list","opn-qv-enable","top-store-woo-hover-","top-store-single-product-tab-horizontal","top-store-shadow-","top-store-shadow-hover-"],"_links":{"self":[{"href":"https:\/\/server.idssoft.net\/idsdemo\/wp-json\/wp\/v2\/product\/16768","targetHints":{"allow":["GET"]}}],"collection":[{"href":"https:\/\/server.idssoft.net\/idsdemo\/wp-json\/wp\/v2\/product"}],"about":[{"href":"https:\/\/server.idssoft.net\/idsdemo\/wp-json\/wp\/v2\/types\/product"}],"replies":[{"embeddable":true,"href":"https:\/\/server.idssoft.net\/idsdemo\/wp-json\/wp\/v2\/comments?post=16768"}],"wp:featuredmedia":[{"embeddable":true,"href":"https:\/\/server.idssoft.net\/idsdemo\/wp-json\/wp\/v2\/media\/16766"}],"wp:attachment":[{"href":"https:\/\/server.idssoft.net\/idsdemo\/wp-json\/wp\/v2\/media?parent=16768"}],"wp:term":[{"taxonomy":"product_cat","embeddable":true,"href":"https:\/\/server.idssoft.net\/idsdemo\/wp-json\/wp\/v2\/product_cat?post=16768"},{"taxonomy":"product_tag","embeddable":true,"href":"https:\/\/server.idssoft.net\/idsdemo\/wp-json\/wp\/v2\/product_tag?post=16768"}],"curies":[{"name":"wp","href":"https:\/\/api.w.org\/{rel}","templated":true}]}}