{"id":16775,"date":"2021-06-23T16:25:46","date_gmt":"2021-06-23T16:25:46","guid":{"rendered":"https:\/\/server.idssoft.net\/idsdemo\/producto\/earbuds-tws-v8-bluetooth-dual-coolsound\/"},"modified":"2021-06-23T16:25:46","modified_gmt":"2021-06-23T16:25:46","slug":"earbuds-tws-v8-bluetooth-dual-coolsound","status":"publish","type":"product","link":"https:\/\/server.idssoft.net\/idsdemo\/producto\/earbuds-tws-v8-bluetooth-dual-coolsound\/","title":{"rendered":"EARBUDS TWS V8 BLUETOOTH DUAL COOLSOUND"},"content":{"rendered":"<p>Los Earbuds V8 de COOLSOUND ya est\u00e1n aqu\u00ed. Olv\u00eddate del cable. Incorporan caja cargador. Compatibles con IOS, ANDROID y cualquier dispositivo con bluetooth. Con la funci\u00f3n de manos libres puede responder \/ rechazar una llamada entrante simplemente<\/p>\n","protected":false},"excerpt":{"rendered":"<p>Los Earbuds V8 de COOLSOUND ya est\u00e1n aqu\u00ed. Olv\u00eddate del cable. Incorporan caja cargador. Compatibles con IOS, ANDROID y cualquier dispositivo con bluetooth. Con la funci\u00f3n de manos libres puede responder \/ rechazar una llamada entrante simplemente<\/p>\n","protected":false},"featured_media":16773,"comment_status":"open","ping_status":"closed","template":"","meta":[],"product_cat":[477],"product_tag":[],"class_list":["post-16775","product","type-product","status-publish","has-post-thumbnail","hentry","product_cat-auriculares-bluetooth-tws","thunk-woo-product-list","opn-qv-enable","top-store-woo-hover-","top-store-single-product-tab-horizontal","top-store-shadow-","top-store-shadow-hover-"],"_links":{"self":[{"href":"https:\/\/server.idssoft.net\/idsdemo\/wp-json\/wp\/v2\/product\/16775","targetHints":{"allow":["GET"]}}],"collection":[{"href":"https:\/\/server.idssoft.net\/idsdemo\/wp-json\/wp\/v2\/product"}],"about":[{"href":"https:\/\/server.idssoft.net\/idsdemo\/wp-json\/wp\/v2\/types\/product"}],"replies":[{"embeddable":true,"href":"https:\/\/server.idssoft.net\/idsdemo\/wp-json\/wp\/v2\/comments?post=16775"}],"wp:featuredmedia":[{"embeddable":true,"href":"https:\/\/server.idssoft.net\/idsdemo\/wp-json\/wp\/v2\/media\/16773"}],"wp:attachment":[{"href":"https:\/\/server.idssoft.net\/idsdemo\/wp-json\/wp\/v2\/media?parent=16775"}],"wp:term":[{"taxonomy":"product_cat","embeddable":true,"href":"https:\/\/server.idssoft.net\/idsdemo\/wp-json\/wp\/v2\/product_cat?post=16775"},{"taxonomy":"product_tag","embeddable":true,"href":"https:\/\/server.idssoft.net\/idsdemo\/wp-json\/wp\/v2\/product_tag?post=16775"}],"curies":[{"name":"wp","href":"https:\/\/api.w.org\/{rel}","templated":true}]}}