{"id":16793,"date":"2021-06-23T16:26:35","date_gmt":"2021-06-23T16:26:35","guid":{"rendered":"https:\/\/server.idssoft.net\/idsdemo\/producto\/silla-exterior-metalica-june-gris-55x62x90cm\/"},"modified":"2021-06-23T16:26:35","modified_gmt":"2021-06-23T16:26:35","slug":"silla-exterior-metalica-june-gris-55x62x90cm","status":"publish","type":"product","link":"https:\/\/server.idssoft.net\/idsdemo\/producto\/silla-exterior-metalica-june-gris-55x62x90cm\/","title":{"rendered":"SILLA EXTERIOR MET\u00c1LICA JUNE GRIS 55X62X90CM"},"content":{"rendered":"<p>&#8211; Silla de jard\u00edn June, la pieza que le falta a tu jard\u00edn. Ideal para balcones, terrazas, jardines o cualquier espacio exterior. Si\u00e9ntate, relajate y disfruta de la llegada del buen tiempo desde la comodidad de tu casa.<br \/>Fabricada con estructur<\/p>\n","protected":false},"excerpt":{"rendered":"<p>&#8211; Silla de jard\u00edn June, la pieza que le falta a tu jard\u00edn. Ideal para balcones, terrazas, jardines o cualquier espacio exterior. Si\u00e9ntate, relajate y disfruta de la llegada del buen tiempo desde la comodidad de tu casa.Fabricada con estructur<\/p>\n","protected":false},"featured_media":16792,"comment_status":"open","ping_status":"closed","template":"","meta":[],"product_cat":[533],"product_tag":[],"class_list":["post-16793","product","type-product","status-publish","has-post-thumbnail","hentry","product_cat-sillas","thunk-woo-product-list","opn-qv-enable","top-store-woo-hover-","top-store-single-product-tab-horizontal","top-store-shadow-","top-store-shadow-hover-"],"_links":{"self":[{"href":"https:\/\/server.idssoft.net\/idsdemo\/wp-json\/wp\/v2\/product\/16793","targetHints":{"allow":["GET"]}}],"collection":[{"href":"https:\/\/server.idssoft.net\/idsdemo\/wp-json\/wp\/v2\/product"}],"about":[{"href":"https:\/\/server.idssoft.net\/idsdemo\/wp-json\/wp\/v2\/types\/product"}],"replies":[{"embeddable":true,"href":"https:\/\/server.idssoft.net\/idsdemo\/wp-json\/wp\/v2\/comments?post=16793"}],"wp:featuredmedia":[{"embeddable":true,"href":"https:\/\/server.idssoft.net\/idsdemo\/wp-json\/wp\/v2\/media\/16792"}],"wp:attachment":[{"href":"https:\/\/server.idssoft.net\/idsdemo\/wp-json\/wp\/v2\/media?parent=16793"}],"wp:term":[{"taxonomy":"product_cat","embeddable":true,"href":"https:\/\/server.idssoft.net\/idsdemo\/wp-json\/wp\/v2\/product_cat?post=16793"},{"taxonomy":"product_tag","embeddable":true,"href":"https:\/\/server.idssoft.net\/idsdemo\/wp-json\/wp\/v2\/product_tag?post=16793"}],"curies":[{"name":"wp","href":"https:\/\/api.w.org\/{rel}","templated":true}]}}