{"id":16795,"date":"2021-06-23T16:26:41","date_gmt":"2021-06-23T16:26:41","guid":{"rendered":"https:\/\/server.idssoft.net\/idsdemo\/producto\/telefono-inalambrico-as475-negro-gigaset\/"},"modified":"2021-06-23T16:26:41","modified_gmt":"2021-06-23T16:26:41","slug":"telefono-inalambrico-as475-negro-gigaset","status":"publish","type":"product","link":"https:\/\/server.idssoft.net\/idsdemo\/producto\/telefono-inalambrico-as475-negro-gigaset\/","title":{"rendered":"TELEFONO INALAMBRICO AS475 NEGRO GIGASET"},"content":{"rendered":"<p>Men\u00fa multi-idioma<br \/>Funci\u00f3n manos libres<br \/>Agenda para 100 contactos<br \/>Alarma despertador<br \/>Compatible con instalaci\u00f3n mural<br \/>Compatible con otros terminales inal\u00e1mbricos<br \/>Lista de llamadas recibidas o perdidas y realizadas&lt;br<\/p>\n","protected":false},"excerpt":{"rendered":"<p>Men\u00fa multi-idiomaFunci\u00f3n manos libresAgenda para 100 contactosAlarma despertadorCompatible con instalaci\u00f3n muralCompatible con otros terminales inal\u00e1mbricosLista de llamadas recibidas o perdidas y realizadas&lt;br<\/p>\n","protected":false},"featured_media":16794,"comment_status":"open","ping_status":"closed","template":"","meta":[],"product_cat":[488],"product_tag":[],"class_list":["post-16795","product","type-product","status-publish","has-post-thumbnail","hentry","product_cat-telefonia-fija-inalmbrica","thunk-woo-product-list","opn-qv-enable","top-store-woo-hover-","top-store-single-product-tab-horizontal","top-store-shadow-","top-store-shadow-hover-"],"_links":{"self":[{"href":"https:\/\/server.idssoft.net\/idsdemo\/wp-json\/wp\/v2\/product\/16795","targetHints":{"allow":["GET"]}}],"collection":[{"href":"https:\/\/server.idssoft.net\/idsdemo\/wp-json\/wp\/v2\/product"}],"about":[{"href":"https:\/\/server.idssoft.net\/idsdemo\/wp-json\/wp\/v2\/types\/product"}],"replies":[{"embeddable":true,"href":"https:\/\/server.idssoft.net\/idsdemo\/wp-json\/wp\/v2\/comments?post=16795"}],"wp:featuredmedia":[{"embeddable":true,"href":"https:\/\/server.idssoft.net\/idsdemo\/wp-json\/wp\/v2\/media\/16794"}],"wp:attachment":[{"href":"https:\/\/server.idssoft.net\/idsdemo\/wp-json\/wp\/v2\/media?parent=16795"}],"wp:term":[{"taxonomy":"product_cat","embeddable":true,"href":"https:\/\/server.idssoft.net\/idsdemo\/wp-json\/wp\/v2\/product_cat?post=16795"},{"taxonomy":"product_tag","embeddable":true,"href":"https:\/\/server.idssoft.net\/idsdemo\/wp-json\/wp\/v2\/product_tag?post=16795"}],"curies":[{"name":"wp","href":"https:\/\/api.w.org\/{rel}","templated":true}]}}