{"id":16797,"date":"2021-06-23T16:26:46","date_gmt":"2021-06-23T16:26:46","guid":{"rendered":"https:\/\/server.idssoft.net\/idsdemo\/producto\/pack-10-capsulas-cafe-angola-camerun-qalidus-delta\/"},"modified":"2021-06-23T16:26:46","modified_gmt":"2021-06-23T16:26:46","slug":"pack-10-capsulas-cafe-angola-camerun-qalidus-delta","status":"publish","type":"product","link":"https:\/\/server.idssoft.net\/idsdemo\/producto\/pack-10-capsulas-cafe-angola-camerun-qalidus-delta\/","title":{"rendered":"PACK 10 CAPSULAS CAFE ANGOLA\/CAMERUN QALIDUS DELTA"},"content":{"rendered":"<p>Intenso y ambicioso<br \/>Delta Q Qalidus surge de la fusi\u00f3n de caf\u00e9s robusta de Angola y Camer\u00fan, y caf\u00e9s ar\u00e1bica de Honduras. Qalidus produce un expreso con cuerpo y fuerte presencia en la taza, leve acidez y notas de caramelo.<\/p>\n<p>\u00c1frica y<\/p>\n","protected":false},"excerpt":{"rendered":"<p>Intenso y ambiciosoDelta Q Qalidus surge de la fusi\u00f3n de caf\u00e9s robusta de Angola y Camer\u00fan, y caf\u00e9s ar\u00e1bica de Honduras. Qalidus produce un expreso con cuerpo y fuerte presencia en la taza, leve acidez y notas de caramelo. \u00c1frica y<\/p>\n","protected":false},"featured_media":16796,"comment_status":"open","ping_status":"closed","template":"","meta":[],"product_cat":[502],"product_tag":[],"class_list":["post-16797","product","type-product","status-publish","has-post-thumbnail","hentry","product_cat-cafeteras-electricas","thunk-woo-product-list","opn-qv-enable","top-store-woo-hover-","top-store-single-product-tab-horizontal","top-store-shadow-","top-store-shadow-hover-"],"_links":{"self":[{"href":"https:\/\/server.idssoft.net\/idsdemo\/wp-json\/wp\/v2\/product\/16797","targetHints":{"allow":["GET"]}}],"collection":[{"href":"https:\/\/server.idssoft.net\/idsdemo\/wp-json\/wp\/v2\/product"}],"about":[{"href":"https:\/\/server.idssoft.net\/idsdemo\/wp-json\/wp\/v2\/types\/product"}],"replies":[{"embeddable":true,"href":"https:\/\/server.idssoft.net\/idsdemo\/wp-json\/wp\/v2\/comments?post=16797"}],"wp:featuredmedia":[{"embeddable":true,"href":"https:\/\/server.idssoft.net\/idsdemo\/wp-json\/wp\/v2\/media\/16796"}],"wp:attachment":[{"href":"https:\/\/server.idssoft.net\/idsdemo\/wp-json\/wp\/v2\/media?parent=16797"}],"wp:term":[{"taxonomy":"product_cat","embeddable":true,"href":"https:\/\/server.idssoft.net\/idsdemo\/wp-json\/wp\/v2\/product_cat?post=16797"},{"taxonomy":"product_tag","embeddable":true,"href":"https:\/\/server.idssoft.net\/idsdemo\/wp-json\/wp\/v2\/product_tag?post=16797"}],"curies":[{"name":"wp","href":"https:\/\/api.w.org\/{rel}","templated":true}]}}