{"id":16801,"date":"2021-06-23T16:26:56","date_gmt":"2021-06-23T16:26:56","guid":{"rendered":"https:\/\/server.idssoft.net\/idsdemo\/producto\/pack-10-capsulas-cafe-brasil-costa-de-marfil-intenso-qharact\/"},"modified":"2021-06-23T16:26:56","modified_gmt":"2021-06-23T16:26:56","slug":"pack-10-capsulas-cafe-brasil-costa-de-marfil-intenso-qharact","status":"publish","type":"product","link":"https:\/\/server.idssoft.net\/idsdemo\/producto\/pack-10-capsulas-cafe-brasil-costa-de-marfil-intenso-qharact\/","title":{"rendered":"PACK 10 CAPSULAS CAFE BRASIL\/COSTA DE MARFIL INTENSO QHARACT"},"content":{"rendered":"<p>Intenso y estimulante<br \/>Nacido en las mejores plantaciones de caf\u00e9 de \u00c1frica y Sudam\u00e9rica, Delta Q Qharacter es un caf\u00e9 intenso, de aroma duradero, con notas de caramelo y frutos secos y una acidez equilibrada. Qharacter re\u00fane lo mejor del caf<\/p>\n","protected":false},"excerpt":{"rendered":"<p>Intenso y estimulanteNacido en las mejores plantaciones de caf\u00e9 de \u00c1frica y Sudam\u00e9rica, Delta Q Qharacter es un caf\u00e9 intenso, de aroma duradero, con notas de caramelo y frutos secos y una acidez equilibrada. Qharacter re\u00fane lo mejor del caf<\/p>\n","protected":false},"featured_media":16800,"comment_status":"open","ping_status":"closed","template":"","meta":[],"product_cat":[502],"product_tag":[],"class_list":["post-16801","product","type-product","status-publish","has-post-thumbnail","hentry","product_cat-cafeteras-electricas","thunk-woo-product-list","opn-qv-enable","top-store-woo-hover-","top-store-single-product-tab-horizontal","top-store-shadow-","top-store-shadow-hover-"],"_links":{"self":[{"href":"https:\/\/server.idssoft.net\/idsdemo\/wp-json\/wp\/v2\/product\/16801","targetHints":{"allow":["GET"]}}],"collection":[{"href":"https:\/\/server.idssoft.net\/idsdemo\/wp-json\/wp\/v2\/product"}],"about":[{"href":"https:\/\/server.idssoft.net\/idsdemo\/wp-json\/wp\/v2\/types\/product"}],"replies":[{"embeddable":true,"href":"https:\/\/server.idssoft.net\/idsdemo\/wp-json\/wp\/v2\/comments?post=16801"}],"wp:featuredmedia":[{"embeddable":true,"href":"https:\/\/server.idssoft.net\/idsdemo\/wp-json\/wp\/v2\/media\/16800"}],"wp:attachment":[{"href":"https:\/\/server.idssoft.net\/idsdemo\/wp-json\/wp\/v2\/media?parent=16801"}],"wp:term":[{"taxonomy":"product_cat","embeddable":true,"href":"https:\/\/server.idssoft.net\/idsdemo\/wp-json\/wp\/v2\/product_cat?post=16801"},{"taxonomy":"product_tag","embeddable":true,"href":"https:\/\/server.idssoft.net\/idsdemo\/wp-json\/wp\/v2\/product_tag?post=16801"}],"curies":[{"name":"wp","href":"https:\/\/api.w.org\/{rel}","templated":true}]}}