{"id":16803,"date":"2021-06-23T16:27:02","date_gmt":"2021-06-23T16:27:02","guid":{"rendered":"https:\/\/server.idssoft.net\/idsdemo\/producto\/pack-10-capsulas-cafe-cinnamon-laos-vietnam-brasil-delta\/"},"modified":"2021-06-23T16:27:02","modified_gmt":"2021-06-23T16:27:02","slug":"pack-10-capsulas-cafe-cinnamon-laos-vietnam-brasil-delta","status":"publish","type":"product","link":"https:\/\/server.idssoft.net\/idsdemo\/producto\/pack-10-capsulas-cafe-cinnamon-laos-vietnam-brasil-delta\/","title":{"rendered":"PACK 10 CAPSULAS CAFE CINNAMON LAOS\/VIETNAM\/BRASIL DELTA"},"content":{"rendered":"<p>La uni\u00f3n perfecta de caf\u00e9 con canela<br \/>Delta Q Cinnamon fue creado pensando en todos los consumidores que disfrutan probando nuevas experiencias con el caf\u00e9. Esta mezcla deriva de la combinaci\u00f3n perfecta de caf\u00e9 y canela y da lugar a un expres<\/p>\n","protected":false},"excerpt":{"rendered":"<p>La uni\u00f3n perfecta de caf\u00e9 con canelaDelta Q Cinnamon fue creado pensando en todos los consumidores que disfrutan probando nuevas experiencias con el caf\u00e9. Esta mezcla deriva de la combinaci\u00f3n perfecta de caf\u00e9 y canela y da lugar a un expres<\/p>\n","protected":false},"featured_media":16802,"comment_status":"open","ping_status":"closed","template":"","meta":[],"product_cat":[502],"product_tag":[],"class_list":["post-16803","product","type-product","status-publish","has-post-thumbnail","hentry","product_cat-cafeteras-electricas","thunk-woo-product-list","opn-qv-enable","top-store-woo-hover-","top-store-single-product-tab-horizontal","top-store-shadow-","top-store-shadow-hover-"],"_links":{"self":[{"href":"https:\/\/server.idssoft.net\/idsdemo\/wp-json\/wp\/v2\/product\/16803","targetHints":{"allow":["GET"]}}],"collection":[{"href":"https:\/\/server.idssoft.net\/idsdemo\/wp-json\/wp\/v2\/product"}],"about":[{"href":"https:\/\/server.idssoft.net\/idsdemo\/wp-json\/wp\/v2\/types\/product"}],"replies":[{"embeddable":true,"href":"https:\/\/server.idssoft.net\/idsdemo\/wp-json\/wp\/v2\/comments?post=16803"}],"wp:featuredmedia":[{"embeddable":true,"href":"https:\/\/server.idssoft.net\/idsdemo\/wp-json\/wp\/v2\/media\/16802"}],"wp:attachment":[{"href":"https:\/\/server.idssoft.net\/idsdemo\/wp-json\/wp\/v2\/media?parent=16803"}],"wp:term":[{"taxonomy":"product_cat","embeddable":true,"href":"https:\/\/server.idssoft.net\/idsdemo\/wp-json\/wp\/v2\/product_cat?post=16803"},{"taxonomy":"product_tag","embeddable":true,"href":"https:\/\/server.idssoft.net\/idsdemo\/wp-json\/wp\/v2\/product_tag?post=16803"}],"curies":[{"name":"wp","href":"https:\/\/api.w.org\/{rel}","templated":true}]}}