{"id":16805,"date":"2021-06-23T16:27:08","date_gmt":"2021-06-23T16:27:08","guid":{"rendered":"https:\/\/server.idssoft.net\/idsdemo\/producto\/pack-10-capsulas-cafe-con-leche-breaqfast-delta\/"},"modified":"2021-06-23T16:27:08","modified_gmt":"2021-06-23T16:27:08","slug":"pack-10-capsulas-cafe-con-leche-breaqfast-delta","status":"publish","type":"product","link":"https:\/\/server.idssoft.net\/idsdemo\/producto\/pack-10-capsulas-cafe-con-leche-breaqfast-delta\/","title":{"rendered":"PACK 10 CAPSULAS CAFE CON LECHE BREAQFAST DELTA"},"content":{"rendered":"<p>La combinaci\u00f3n perfecta<br \/>Delta Q breaQfast es la mezcla perfecta para empezar el d\u00eda con el mejor caf\u00e9 con leche. Con un sabor m\u00e1s intenso y endulzado, breaQfast es la mezcla ideal para la acidez y cremosidad de la leche.<\/p>\n<p>\u00c1frica y Am\u00e9<\/p>\n","protected":false},"excerpt":{"rendered":"<p>La combinaci\u00f3n perfectaDelta Q breaQfast es la mezcla perfecta para empezar el d\u00eda con el mejor caf\u00e9 con leche. Con un sabor m\u00e1s intenso y endulzado, breaQfast es la mezcla ideal para la acidez y cremosidad de la leche. \u00c1frica y Am\u00e9<\/p>\n","protected":false},"featured_media":16804,"comment_status":"open","ping_status":"closed","template":"","meta":[],"product_cat":[502],"product_tag":[],"class_list":["post-16805","product","type-product","status-publish","has-post-thumbnail","hentry","product_cat-cafeteras-electricas","thunk-woo-product-list","opn-qv-enable","top-store-woo-hover-","top-store-single-product-tab-horizontal","top-store-shadow-","top-store-shadow-hover-"],"_links":{"self":[{"href":"https:\/\/server.idssoft.net\/idsdemo\/wp-json\/wp\/v2\/product\/16805","targetHints":{"allow":["GET"]}}],"collection":[{"href":"https:\/\/server.idssoft.net\/idsdemo\/wp-json\/wp\/v2\/product"}],"about":[{"href":"https:\/\/server.idssoft.net\/idsdemo\/wp-json\/wp\/v2\/types\/product"}],"replies":[{"embeddable":true,"href":"https:\/\/server.idssoft.net\/idsdemo\/wp-json\/wp\/v2\/comments?post=16805"}],"wp:featuredmedia":[{"embeddable":true,"href":"https:\/\/server.idssoft.net\/idsdemo\/wp-json\/wp\/v2\/media\/16804"}],"wp:attachment":[{"href":"https:\/\/server.idssoft.net\/idsdemo\/wp-json\/wp\/v2\/media?parent=16805"}],"wp:term":[{"taxonomy":"product_cat","embeddable":true,"href":"https:\/\/server.idssoft.net\/idsdemo\/wp-json\/wp\/v2\/product_cat?post=16805"},{"taxonomy":"product_tag","embeddable":true,"href":"https:\/\/server.idssoft.net\/idsdemo\/wp-json\/wp\/v2\/product_tag?post=16805"}],"curies":[{"name":"wp","href":"https:\/\/api.w.org\/{rel}","templated":true}]}}