{"id":16808,"date":"2021-06-23T16:27:14","date_gmt":"2021-06-23T16:27:14","guid":{"rendered":"https:\/\/server.idssoft.net\/idsdemo\/producto\/pack-10-capsulas-cafe-costa-rica-y-tanzania-delta-qonvictus\/"},"modified":"2021-06-23T16:27:14","modified_gmt":"2021-06-23T16:27:14","slug":"pack-10-capsulas-cafe-costa-rica-y-tanzania-delta-qonvictus","status":"publish","type":"product","link":"https:\/\/server.idssoft.net\/idsdemo\/producto\/pack-10-capsulas-cafe-costa-rica-y-tanzania-delta-qonvictus\/","title":{"rendered":"PACK 10 CAPSULAS CAFE COSTA RICA Y TANZANIA DELTA QONVICTUS"},"content":{"rendered":"<p>Cl\u00e1sico y equilibrado<br \/>Delta Q Qonvictus es un caf\u00e9 cl\u00e1sico y equilibrado que resulta de la combinaci\u00f3n de los mejores caf\u00e9s de Tanzania y Costa Rica. Delta Q Qonvictus produce un expreso intenso y con mucho cuerpo, rico en notas de caramelo<\/p>\n","protected":false},"excerpt":{"rendered":"<p>Cl\u00e1sico y equilibradoDelta Q Qonvictus es un caf\u00e9 cl\u00e1sico y equilibrado que resulta de la combinaci\u00f3n de los mejores caf\u00e9s de Tanzania y Costa Rica. Delta Q Qonvictus produce un expreso intenso y con mucho cuerpo, rico en notas de caramelo<\/p>\n","protected":false},"featured_media":16807,"comment_status":"open","ping_status":"closed","template":"","meta":[],"product_cat":[502],"product_tag":[],"class_list":["post-16808","product","type-product","status-publish","has-post-thumbnail","hentry","product_cat-cafeteras-electricas","thunk-woo-product-list","opn-qv-enable","top-store-woo-hover-","top-store-single-product-tab-horizontal","top-store-shadow-","top-store-shadow-hover-"],"_links":{"self":[{"href":"https:\/\/server.idssoft.net\/idsdemo\/wp-json\/wp\/v2\/product\/16808","targetHints":{"allow":["GET"]}}],"collection":[{"href":"https:\/\/server.idssoft.net\/idsdemo\/wp-json\/wp\/v2\/product"}],"about":[{"href":"https:\/\/server.idssoft.net\/idsdemo\/wp-json\/wp\/v2\/types\/product"}],"replies":[{"embeddable":true,"href":"https:\/\/server.idssoft.net\/idsdemo\/wp-json\/wp\/v2\/comments?post=16808"}],"wp:featuredmedia":[{"embeddable":true,"href":"https:\/\/server.idssoft.net\/idsdemo\/wp-json\/wp\/v2\/media\/16807"}],"wp:attachment":[{"href":"https:\/\/server.idssoft.net\/idsdemo\/wp-json\/wp\/v2\/media?parent=16808"}],"wp:term":[{"taxonomy":"product_cat","embeddable":true,"href":"https:\/\/server.idssoft.net\/idsdemo\/wp-json\/wp\/v2\/product_cat?post=16808"},{"taxonomy":"product_tag","embeddable":true,"href":"https:\/\/server.idssoft.net\/idsdemo\/wp-json\/wp\/v2\/product_tag?post=16808"}],"curies":[{"name":"wp","href":"https:\/\/api.w.org\/{rel}","templated":true}]}}